{"id":12472,"date":"2021-06-28T15:02:23","date_gmt":"2021-06-28T13:02:23","guid":{"rendered":"https:\/\/cellerscarol.laukatu.dev\/producte\/guillem-carol-gran-reserva-brut-nature\/"},"modified":"2022-11-15T14:44:25","modified_gmt":"2022-11-15T12:44:25","slug":"guillem-carol-gran-reserva-brut-nature","status":"publish","type":"product","link":"https:\/\/cellerscarol.com\/en\/product\/guillem-carol-gran-reserva-brut-nature\/","title":{"rendered":"Guillem Carol"},"content":{"rendered":"<p>Medium-bodied cava with toasted touch but a still very present acidity that makes it fresh. Small and well integrated bubble.<\/p>\n<p>Awarded in the Gourmet and Pe\u00f1\u00edn Guide for many years specially with the hight quality\/price. It has been rewarded with a 90 points in Pe\u00f1\u00edn Guide and received he gold medal in Girov\u00ed.<\/p>\n<p>&nbsp;<\/p>\n","protected":false},"excerpt":{"rendered":"<p>Medium-bodied cava with toasted touch but a still very present acidity that makes it fresh. Small and well integrated bubble. Awarded in the Gourmet and Pe\u00f1\u00edn Guide for many years specially with the hight quality\/price. It has been rewarded with a 90 points in Pe\u00f1\u00edn Guide and received he gold medal in Girov\u00ed. &nbsp;<\/p>\n","protected":false},"featured_media":12521,"comment_status":"closed","ping_status":"closed","template":"","meta":{"_acf_changed":false},"product_brand":[],"product_cat":[54,79],"product_tag":[],"class_list":{"0":"post-12472","1":"product","2":"type-product","3":"status-publish","4":"has-post-thumbnail","6":"product_cat-cavas-en","7":"product_cat-family-cavas","9":"first","10":"instock","11":"taxable","12":"shipping-taxable","13":"purchasable","14":"product-type-simple"},"booking_location":null,"booking_location_type":null,"booking_duration":null,"booking_duration_unit":null,"booking_buffer":null,"booking_cost":null,"booking_resources":null,"acf":[],"_links":{"self":[{"href":"https:\/\/cellerscarol.com\/en\/wp-json\/wp\/v2\/product\/12472","targetHints":{"allow":["GET"]}}],"collection":[{"href":"https:\/\/cellerscarol.com\/en\/wp-json\/wp\/v2\/product"}],"about":[{"href":"https:\/\/cellerscarol.com\/en\/wp-json\/wp\/v2\/types\/product"}],"replies":[{"embeddable":true,"href":"https:\/\/cellerscarol.com\/en\/wp-json\/wp\/v2\/comments?post=12472"}],"wp:featuredmedia":[{"embeddable":true,"href":"https:\/\/cellerscarol.com\/en\/wp-json\/wp\/v2\/media\/12521"}],"wp:attachment":[{"href":"https:\/\/cellerscarol.com\/en\/wp-json\/wp\/v2\/media?parent=12472"}],"wp:term":[{"taxonomy":"product_brand","embeddable":true,"href":"https:\/\/cellerscarol.com\/en\/wp-json\/wp\/v2\/product_brand?post=12472"},{"taxonomy":"product_cat","embeddable":true,"href":"https:\/\/cellerscarol.com\/en\/wp-json\/wp\/v2\/product_cat?post=12472"},{"taxonomy":"product_tag","embeddable":true,"href":"https:\/\/cellerscarol.com\/en\/wp-json\/wp\/v2\/product_tag?post=12472"}],"curies":[{"name":"wp","href":"https:\/\/api.w.org\/{rel}","templated":true}]}}