{"id":24724,"date":"2022-11-30T12:00:39","date_gmt":"2022-11-30T10:00:39","guid":{"rendered":"https:\/\/cellerscarol.com\/?post_type=product&#038;p=24724"},"modified":"2025-04-02T11:31:04","modified_gmt":"2025-04-02T09:31:04","slug":"2023-private-guided-visit-with-snacks-for-groups-copia","status":"publish","type":"product","link":"https:\/\/cellerscarol.com\/en\/product\/2023-private-guided-visit-with-snacks-for-groups-copia\/","title":{"rendered":"Visita i Brunch Gourmet"},"content":{"rendered":"<p><span style=\"font-weight: 400;\">Vine a gaudir d\u2019una visita al celler familiar Carol Vall\u00e8s, ubicat en un entorn id\u00edl\u00b7lic entre vinyes al bell mig de la Plana Penedesenca. Descobreix el paisatge \u00fanic d\u2019una de les Denominacions d\u2019Origen m\u00e9s properes a Barcelona. Durant la visita aprendr\u00e0s com es fan els Caves Reserva i Gran Reserva d\u2019alta qualitat de la zona vitivin\u00edcola del Pened\u00e8s. Visitar\u00e0s la vinya, el celler i la cava.\u00a0<\/span><\/p>\n<p><span style=\"font-weight: 400;\">Al acabar el grup podr\u00e0 gaudir d\u2019un esmorzar de pag\u00e8s amb productes de KM0 maridat amb els nostres Caves de Guarda Superior.\u00a0<\/span><\/p>\n<p><b>L\u2019activitat inclou:<\/b><\/p>\n<ol>\n<li style=\"font-weight: 400;\" aria-level=\"1\"><span style=\"font-weight: 400;\">Visita guiada per les vinyes, celler i cava.<\/span><\/li>\n<li style=\"font-weight: 400;\" aria-level=\"1\"><span style=\"font-weight: 400;\">Breu hist\u00f2ria familiar i del Pened\u00e8s, explicaci\u00f3 del proc\u00e9s artesanal d\u2019elaboraci\u00f3 del cava, explicaci\u00f3 de la vinya, varietats i tipus d\u2019agricultura.<\/span><\/li>\n<li style=\"font-weight: 400;\" aria-level=\"1\"><span style=\"font-weight: 400;\">Esmorzar de pag\u00e8s amb productes de KM0 maridat amb tres caves reserva i gran reserva.<\/span><\/li>\n<\/ol>\n<p><b>Indicacions:<\/b><\/p>\n<p><span style=\"font-weight: 400;\">Si disposes d\u2019un cup\u00f3 amb data oberta, has de reservar pr\u00e8viament un dia i hora concrets enviant un correu a <\/span><a href=\"mailto:visites@cellerscarol.com\"><span style=\"font-weight: 400;\">visites@cellerscarol.com<\/span><\/a><span style=\"font-weight: 400;\"> o trucant al tel\u00e8fon 93 898 90 78.<\/span><\/p>\n<p><b>Durada:<\/b><\/p>\n<p><span style=\"font-weight: 400;\">La visita t\u00e9 una durada aproximada de 45 minuts. L\u2019esmorzar comen\u00e7ar\u00e0 al acabar la visita, i dura aproximadament una hora i mitja.<\/span><\/p>\n<p><b>A tenir en compte:<\/b><\/p>\n<p><span style=\"font-weight: 400;\">Si us plau, recordeu avisar-nos amb antelaci\u00f3 de les necessitats aliment\u00e0ries especials: Tenim opcions vegetarianes i sense gluten disponibles sota petici\u00f3. No podem oferir solucions veganes ni \u00e0pats kosher.<\/span><\/p>\n<p><span style=\"font-weight: 400;\">Durant les vacances d\u2019estiu dels prove\u00efdors possiblement alguns dels productes oferts durant aquest esmorzars siguin diferents.<\/span><\/p>\n<p><span style=\"font-weight: 400;\">Aquesta activitat \u00e9s un esmorzar de pag\u00e8s for\u00e7a complet, la majoria de gent surt tipa, per\u00f2 no reempla\u00e7a un dinar. Consta d\u2019embotits de proximitat (fuet, catalana, bull de foie al cava), formatges fets amb llet crua de vaca i ovella (Truc, Batall i Gotim), coca d\u2019escalivada, pa de pag\u00e8s, olivada de la casa, oli d\u2019oliva verge extra d\u2019arbequina del Pened\u00e8s, tomacons. Per postres, depenent del dia i dels comensals, podem posar garlanda o carquinyolis amb xocolata Sim\u00f3n Coll.<\/span><\/p>\n<p><span style=\"font-weight: 400;\">Visita no apte per gossos.<\/span><span style=\"font-weight: 400;\"><br \/>\n<\/span><span style=\"font-weight: 400;\">No recomanada per persones amb problemes de mobilitat.<\/span><span style=\"font-weight: 400;\"><br \/>\n<\/span><span style=\"font-weight: 400;\">Disposem de most ecol\u00f2gic per gent que no pot beure alcohol, menors i dones embarassades.<\/span><\/p>\n<p><b>Tarifes:<\/b><\/p>\n<p><span style=\"font-weight: 400;\">El preu infantil \u00e9s de 6 a 12 anys ambd\u00f3s inclosos.<\/span><\/p>\n","protected":false},"excerpt":{"rendered":"<p>Vine a gaudir d\u2019una visita al celler familiar Carol Vall\u00e8s, ubicat en un entorn id\u00edl\u00b7lic entre vinyes al bell mig de la Plana Penedesenca. Descobreix el paisatge \u00fanic d\u2019una de les Denominacions d\u2019Origen m\u00e9s properes a Barcelona. Durant la visita aprendr\u00e0s com es fan els Caves Reserva i Gran Reserva d\u2019alta qualitat de la zona &hellip; <a href=\"https:\/\/cellerscarol.com\/en\/product\/2023-private-guided-visit-with-snacks-for-groups-copia\/\">Continued<\/a><\/p>\n","protected":false},"featured_media":25860,"comment_status":"closed","ping_status":"closed","template":"","meta":{"_acf_changed":false},"product_brand":[],"product_cat":[41],"product_tag":[],"class_list":{"0":"post-24724","1":"product","2":"type-product","3":"status-publish","4":"has-post-thumbnail","6":"product_cat-activities","8":"first","9":"instock","10":"featured","11":"virtual","12":"sold-individually","13":"taxable","14":"purchasable","15":"product-type-booking"},"booking_location":"","booking_location_type":"","booking_duration":2,"booking_duration_unit":"hour","booking_buffer":2,"booking_cost":0,"booking_resources":[],"acf":[],"_links":{"self":[{"href":"https:\/\/cellerscarol.com\/en\/wp-json\/wp\/v2\/product\/24724","targetHints":{"allow":["GET"]}}],"collection":[{"href":"https:\/\/cellerscarol.com\/en\/wp-json\/wp\/v2\/product"}],"about":[{"href":"https:\/\/cellerscarol.com\/en\/wp-json\/wp\/v2\/types\/product"}],"replies":[{"embeddable":true,"href":"https:\/\/cellerscarol.com\/en\/wp-json\/wp\/v2\/comments?post=24724"}],"wp:featuredmedia":[{"embeddable":true,"href":"https:\/\/cellerscarol.com\/en\/wp-json\/wp\/v2\/media\/25860"}],"wp:attachment":[{"href":"https:\/\/cellerscarol.com\/en\/wp-json\/wp\/v2\/media?parent=24724"}],"wp:term":[{"taxonomy":"product_brand","embeddable":true,"href":"https:\/\/cellerscarol.com\/en\/wp-json\/wp\/v2\/product_brand?post=24724"},{"taxonomy":"product_cat","embeddable":true,"href":"https:\/\/cellerscarol.com\/en\/wp-json\/wp\/v2\/product_cat?post=24724"},{"taxonomy":"product_tag","embeddable":true,"href":"https:\/\/cellerscarol.com\/en\/wp-json\/wp\/v2\/product_tag?post=24724"}],"curies":[{"name":"wp","href":"https:\/\/api.w.org\/{rel}","templated":true}]}}