{"id":12397,"date":"2021-04-27T08:29:01","date_gmt":"2021-04-27T06:29:01","guid":{"rendered":"https:\/\/cellerscarol.laukatu.dev\/politica-de-privadesa\/"},"modified":"2021-07-21T12:32:32","modified_gmt":"2021-07-21T10:32:32","slug":"politica-de-privacidad","status":"publish","type":"page","link":"https:\/\/cellerscarol.com\/es\/politica-de-privacidad\/","title":{"rendered":"Aviso legal y pol\u00edtica de privacidad"},"content":{"rendered":"\n<p>Informaci\u00f3n general de la sede electr\u00f3nica o sitio web cellerscarol.com<br>Cellers Carol Vall\u00e8s (www.cellerscarol.com) es un dominio propiedad de Bodegas Carol Vall\u00e8s con NIF \/ CIF B-60821683, inscrita en el registro mercantil de la provincia de Barcelona, domicilio en la calle Can Parellada, s \/ n. del Corral del Maestro 08739 Subirats (Barcelona) Catalu\u00f1a (Espa\u00f1a), tel\u00e9fono +34 93 898 90 78 y direcci\u00f3n electr\u00f3nica gen\u00e9rica info@cellerscarol.com. Mediante el dominio www.cellerscarol.com, la empresa gestiona su portal web, sin perjuicio de que puntualmente o de forma permanente pueda haber otras direcciones electr\u00f3nicas que tambi\u00e9n permitan acceder a los contenidos y servicios prestados a trav\u00e9s del sitio web cellerscarol.com.<\/p>\n\n\n\n<h2 class=\"wp-block-heading\">Acceso de los usuarios<\/h2>\n\n\n\n<p>El acceso y \/ o uso de los portales de Bodegas Carol Vall\u00e8s atribuye la condici\u00f3n de usuario e implica la aceptaci\u00f3n de las condiciones de acceso y uso que constan en este aviso legal, as\u00ed como la pol\u00edtica de privacidad y datos personales. Las citadas condiciones ser\u00e1n de aplicaci\u00f3n independientemente de las condiciones generales de contrataci\u00f3n y de comercio electr\u00f3nico que resulten de aplicaci\u00f3n en las funcionalidades que ofrece el portal. El usuario se compromete a utilizar los servicios y la informaci\u00f3n facilitada en el portal cellerscarol.com bajo criterios de buena fe.<\/p>\n\n\n\n<p>El acceso inicial al portal es gratuito. Sin embargo, puede haber funcionalidades o servicios sujetos al pago de un precio en las condiciones que en cada caso se establecen.<\/p>\n\n\n\n<p>En caso de que para utilizar determinadas funciones o servicios sea necesario que el usuario se registre, este registro se efectuar\u00e1 mediante formularios de datos y con sujeci\u00f3n a las prevenciones de la legislaci\u00f3n de protecci\u00f3n de datos personales que se describen en este aviso legal.<\/p>\n\n\n\n<p>Para utilizar el portal los menores de edad deber\u00e1n contar con el permiso de los padres, madres o representantes legales, que ser\u00e1n responsables.<\/p>\n\n\n\n<h2 class=\"wp-block-heading\">Protecci\u00f3n de los derechos de propiedad intelectual e industrial<\/h2>\n\n\n\n<p>Son titularidad de Bodegas Carol Vall\u00e8s los derechos de propiedad intelectual e industrial del portal www.cellerscarol.com, que incluye los contenidos y elementos gr\u00e1ficos, su c\u00f3digo fuente, dise\u00f1o, estructura de navegaci\u00f3n, bases de datos y otros elementos que forman parte del sitio web. Por lo tanto, corresponde en exclusiva a Bodegas Carol Vall\u00e8s el ejercicio, en exclusiva, los derechos de explotaci\u00f3n en cualquier forma y, en concreto, los derechos de reproducci\u00f3n, distribuci\u00f3n, comunicaci\u00f3n p\u00fablica y transformaci\u00f3n. Cualquier uso o reproducci\u00f3n que los usuarios hagan de estos contenidos, o de otros que se puedan incluir en el futuro, se realizar\u00e1n siguiendo las previsiones y respetando las limitaciones de la normativa de propiedad intelectual y en cualquier caso con la autorizaci\u00f3n de Bodegas Carol Vall\u00e8s, sin perjuicio de los l\u00edmites que establece el real decreto 1\/1996, de 12 de abril, por el que se aprueba el texto refundido de la ley de propiedad intelectual.<\/p>\n\n\n\n<p>Reserva de derechos: Bodegas Carol Vall\u00e8s explicita una reserva de derechos con car\u00e1cter general respecto al conjunto de los contenidos difundidos en el sitio web que son objeto de propiedad intelectual e industrial. De acuerdo con lo previsto en el art\u00edculo 32 del test refundido de la ley de propiedad intelectual, Bodegas Carol Vall\u00e8s opone expresamente a la utilizaci\u00f3n de cualquiera de los contenidos de las publicaciones de Bodegas Carol Vall\u00e8s en cualquier formato, con la finalidad de hacer rese\u00f1as o revistas de prensa con fines comerciales, sin la previa autorizaci\u00f3n expresa de Bodegas Carol Vall\u00e8s.<\/p>\n\n\n\n<p>Este aviso legal no supone ninguna cesi\u00f3n de derechos a favor del usuario en relaci\u00f3n a ninguno de los elementos integrantes de la web o de sus contenidos.<\/p>\n\n\n\n<h2 class=\"wp-block-heading\">No se autoriza en ning\u00fan caso:<\/h2>\n\n\n\n<ul class=\"wp-block-list\"><li>Una extracci\u00f3n de elementos del sitio web que cause perjuicio a Cellers Carol Vall\u00e8s conforme a las disposiciones vigentes.<\/li><li>El uso de marcas o signos distintivos, logotipos, combinaciones de colores, estructura, dise\u00f1o y, en general, s\u00edmbolos distintivos de cualquier naturaleza, propiedad de Bodegas Carol Vall\u00e8s, sin el conocimiento y la autorizaci\u00f3n correspondiente de la empresa.<\/li><li>El uso de contenidos en actividades il\u00edcitas, ilegales o contrarias a la buena fe y el orden p\u00fablico.<\/li><li>Difundir contenidos o propaganda de car\u00e1cter racista o xen\u00f3fobo, pornogr\u00e1fico, ilegal o que atente contra los derechos humanos.<\/li><li>Provocar da\u00f1os en los sistemas f\u00edsicos y l\u00f3gicos de Bodegas Carol Vall\u00e8s, de sus proveedores o de terceras personas; introducir o difundir en la red virus inform\u00e1ticos u otros sistemas f\u00edsicos o l\u00f3gicos que sean susceptibles de provocar da\u00f1os anteriormente mencionados.<\/li><li>Intentar acceder y, en su caso, utilizar las cuentas de correo electr\u00f3nico de otros usuarios y modificar o manipular sus mensajes.<\/li><li>El usuario podr\u00e1 visualizar los contenidos de este portal, copiarlos, imprimirlos en su ordenador o cualquier otro soporte s\u00f3lo para su uso personal y privado.<\/li><\/ul>\n\n\n\n<h2 class=\"wp-block-heading\">Protecci\u00f3n de datos de car\u00e1cter personal<\/h2>\n\n\n\n<p><strong>A) Datos recogidos a trav\u00e9s de formularios<\/strong><\/p>\n\n\n\n<p>En el caso de que facilite sus datos personales a trav\u00e9s del portal cellerscarol.com, su tratamiento se somete a las previsiones de la ley org\u00e1nica 15\/1999, de 13 de diciembre, de protecci\u00f3n de datos de car\u00e1cter personal, y dem\u00e1s normativa aplicable. Los datos se tratar\u00e1n para las finalidades indicadas en los avisos correspondientes y se incorporar\u00e1n a un fichero de datos personales. Para ejercer los derechos de acceso, rectificaci\u00f3n, cancelaci\u00f3n u oposici\u00f3n con relaci\u00f3n a sus datos de car\u00e1cter personal tratados por Bodegas Carol Vall\u00e8s, en los t\u00e9rminos y las condiciones previstas en el t\u00edtulo III de la LOPD, se puede dirigir a info @ cellerscarol.com, o en la direcci\u00f3n de Bodegas Carol Vall\u00e8s que consta al principio de este aviso legal.<\/p>\n\n\n\n<p><strong>B) Datos de navegaci\u00f3n<\/strong><\/p>\n\n\n\n<p>El sistema de navegaci\u00f3n y el software necesarios para el funcionamiento de este sitio web recogen, de manera est\u00e1ndar, algunos datos la transmisi\u00f3n de las cuales es impl\u00edcita en el uso de los protocolos de comunicaci\u00f3n de Internet. En esta categor\u00eda de datos se encuentra la direcci\u00f3n IP o nombre de dominio del ordenador utilizado por el usuario para conectarse al sitio web, la direcci\u00f3n URL del recurso solicitado, la hora, el m\u00e9todo utilizado para la consulta al servidor, el tama\u00f1o del archivo obtenido en la respuesta, el c\u00f3digo num\u00e9rico que indica el estado de la respuesta al servidor y otros par\u00e1metros relativos al sistema operativo del entorno inform\u00e1tico del usuario.<\/p>\n\n\n\n<p>Esta informaci\u00f3n no se asocia a personas usuarias concretas y se utiliza con la finalidad exclusiva de obtener informaci\u00f3n estad\u00edstica sobre el uso del sitio web cellerscarol.com.<\/p>\n\n\n\n<p>La web cellerscarol.com no utiliza cookies u otros medios de naturaleza an\u00e1loga para el tratamiento de datos personales que permitan la identificaci\u00f3n de personas f\u00edsicas concretas, usuarias de la sede electr\u00f3nica. El uso de estos medios se reserva exclusivamente para recoger informaci\u00f3n t\u00e9cnica para facilitar a las personas usuarias la accesibilidad y la exploraci\u00f3n segura y eficiente de la sede electr\u00f3nica de cellerscarol.com o para medidas y datos de audiencias an\u00f3nimas.<\/p>\n\n\n\n<h2 class=\"wp-block-heading\">Responsabilidad en relaci\u00f3n con los contenidos<\/h2>\n\n\n\n<p>Bodegas Carol Vall\u00e8s se reserva el derecho de modificar los contenidos de la web y de eliminarlos, as\u00ed como tambi\u00e9n de limitar o impedir el acceso a la web, ya sea temporal o definitivamente, sin notificaci\u00f3n previa.<\/p>\n\n\n\n<p>Bodegas Carol Vall\u00e8s no se hace responsable del acceso t\u00e9cnico, la informaci\u00f3n o los contenidos de otras p\u00e1ginas web a las que remite o con las que se pueda enlazar desde el portal cellerscarol.com.<\/p>\n\n\n\n<p>Bodegas Carol Vall\u00e8s no se identifica necesariamente con las opiniones expresadas por sus colaboradores.<\/p>\n\n\n\n<h2 class=\"wp-block-heading\">Derecho de exclusi\u00f3n<\/h2>\n\n\n\n<p>Cellers Carol Vall\u00e8s se reserva el derecho a denegar o retirar el acceso a sus sitios web y \/ o los servicios ofrecidos sin necesidad de preaviso, a instancia propia o de un tercero, a aquellos usuarios que incumplan las presentes Condiciones Generales.<\/p>\n\n\n\n<h2 class=\"wp-block-heading\">Generalidades<\/h2>\n\n\n\n<p>Bodegas Carol Vall\u00e8s perseguir\u00e1 el incumplimiento de las presentes condiciones as\u00ed como cualquier utilizaci\u00f3n indebida de sus sitios web ejerciendo todas las acciones civiles y penales que le puedan corresponder en derecho.<\/p>\n\n\n\n<p>Bodegas Carol Vall\u00e8s no puede garantizar que el portal y el servidor est\u00e9n libres de virus, por lo que no se hace responsable de los da\u00f1os o perjuicios que se puedan causar por estas anomal\u00edas o cualquier otra de \u00edndole t\u00e9cnica.<\/p>\n\n\n\n<h2 class=\"wp-block-heading\">Modificaci\u00f3n de las presentes condiciones y duraci\u00f3n<\/h2>\n\n\n\n<p>Cellers Carol Vall\u00e8s podr\u00e1 modificar en cualquier momento las condiciones aqu\u00ed determinadas y ser\u00e1n debidamente publicadas como aqu\u00ed aparecen. La vigencia de las citadas condiciones ir\u00e1 en funci\u00f3n de su exposici\u00f3n y estar\u00e1n vigentes hasta que sean modificadas por otras debidamente publicadas.<\/p>\n\n\n\n<h2 class=\"wp-block-heading\">Legislaci\u00f3n aplicable i jurisdicci\u00f3n<\/h2>\n\n\n\n<p>La relaci\u00f3n entre Cellers Carol Vall\u00e8s y los usuarios se regir\u00e1 por la normativa espa\u00f1ola vigente y cualquier controversia se someter\u00e1 a los juzgados y tribunales de la ciudad de Barcelona.<\/p>\n\n\n\n<h2 class=\"wp-block-heading\">Pol\u00edtica de protecci\u00f3n de datos<\/h2>\n\n\n\n<p>Con conformidad en lo establecido en el Art. 5 de la Ley Org\u00e1nica 15\/1999 de diciembre de Protecci\u00f3n de Datos de Car\u00e1cter Personal, por el que se regula el derecho de informaci\u00f3n en la recogida datos le informamos de los siguientes extremos:<\/p>\n\n\n\n<ul class=\"wp-block-list\"><li>Los datos de car\u00e1cter personal que nos ha suministrado en esta y otras comunicaciones mantenidas con usted ser\u00e1n objeto de tratamiento en los ficheros responsabilidad de Bodegas Carol Vall\u00e8s.<\/li><li>La finalidad del tratamiento es la de gestionar de forma adecuada la prestaci\u00f3n del servicio que nos ha requerido. Sin embargo, estos datos no ser\u00e1n cedidos a terceros, exceptuando las cesiones legalmente permitidas.<\/li><li>Los datos solicitados a trav\u00e9s de esta y otras comunicaciones son de suministro obligatorio para la prestaci\u00f3n del servicio. Estas son adecuados, pertinentes y no excesivos.<\/li><li>Su negativa a suministrar los datos solicitados implica la imposibilidad de prestar el servicio.<\/li><li>No obstante, le informamos de la posibilidad de ejercitar los correspondientes derechos de acceso, rectificaci\u00f3n, cancelaci\u00f3n y oposici\u00f3n de conformidad con lo establecido en la Ley 15\/1999 ante Asesor\u00eda Integral JAF &amp; MCF como responsables de los ficheros. Los derechos mencionados les puede ejercitar a trav\u00e9s de los siguientes medios: info@cellerscarol.com, Bodegas Carol Vall\u00e8s, SL Can Parellada s \/ n &#8211; Corral del Maestro 08739 Subirats (Barcelona) telf. 938989078 fax 938988413.<\/li><\/ul>\n","protected":false},"excerpt":{"rendered":"<p>Informaci\u00f3n general de la sede electr\u00f3nica o sitio web cellerscarol.comCellers Carol Vall\u00e8s (www.cellerscarol.com) es un dominio propiedad de Bodegas Carol Vall\u00e8s con NIF \/ CIF B-60821683, inscrita en el registro mercantil de la provincia de Barcelona, domicilio en la calle Can Parellada, s \/ n. del Corral del Maestro 08739 Subirats (Barcelona) Catalu\u00f1a (Espa\u00f1a), tel\u00e9fono &hellip; <a href=\"https:\/\/cellerscarol.com\/es\/politica-de-privacidad\/\">Ver m\u00e1s<\/a><\/p>\n","protected":false},"author":1,"featured_media":0,"parent":0,"menu_order":0,"comment_status":"closed","ping_status":"open","template":"views\/static.blade.php","meta":{"_acf_changed":false,"footnotes":""},"class_list":["post-12397","page","type-page","status-publish","hentry"],"acf":[],"_links":{"self":[{"href":"https:\/\/cellerscarol.com\/es\/wp-json\/wp\/v2\/pages\/12397","targetHints":{"allow":["GET"]}}],"collection":[{"href":"https:\/\/cellerscarol.com\/es\/wp-json\/wp\/v2\/pages"}],"about":[{"href":"https:\/\/cellerscarol.com\/es\/wp-json\/wp\/v2\/types\/page"}],"author":[{"embeddable":true,"href":"https:\/\/cellerscarol.com\/es\/wp-json\/wp\/v2\/users\/1"}],"replies":[{"embeddable":true,"href":"https:\/\/cellerscarol.com\/es\/wp-json\/wp\/v2\/comments?post=12397"}],"version-history":[{"count":2,"href":"https:\/\/cellerscarol.com\/es\/wp-json\/wp\/v2\/pages\/12397\/revisions"}],"predecessor-version":[{"id":12400,"href":"https:\/\/cellerscarol.com\/es\/wp-json\/wp\/v2\/pages\/12397\/revisions\/12400"}],"wp:attachment":[{"href":"https:\/\/cellerscarol.com\/es\/wp-json\/wp\/v2\/media?parent=12397"}],"curies":[{"name":"wp","href":"https:\/\/api.w.org\/{rel}","templated":true}]}}