{"id":12407,"date":"2021-05-25T13:53:23","date_gmt":"2021-05-25T11:53:23","guid":{"rendered":"https:\/\/cellerscarol.laukatu.dev\/politica-de-compres-i-devolucions\/"},"modified":"2021-07-21T12:46:53","modified_gmt":"2021-07-21T10:46:53","slug":"politica-de-compras-y-devoluciones","status":"publish","type":"page","link":"https:\/\/cellerscarol.com\/es\/politica-de-compras-y-devoluciones\/","title":{"rendered":"Pol\u00edtica de compras y devoluciones"},"content":{"rendered":"\n<h2 class=\"wp-block-heading\">Reservas y pagos<\/h2>\n\n\n\n<h3 class=\"wp-block-heading\">1.1. Enoturismo<\/h3>\n\n\n\n<p>Puede solicitar su reserva para una visita enotur\u00edstica llamando al tel\u00e9fono +34 93 898 90 78, enviando un correo electr\u00f3nico a <a href=\"mailto: visites@cellerscarol.com\">visites@cellerscarol.com <\/a>, a trav\u00e9s del sistema de tienda online que encontrar\u00e1 en <a href=\"http:\/\/www.cellerscarol.com\/botiga\/enoturisme\">www.cellerscarol.com\/botiga\/enoturisme<\/a> o rellenando el formulario de contacto que encontrar\u00e1 en <a href=\"http:\/\/www.cellerscarol.com\/contacte\">www.cellerscarol.com\/contacte <\/a>. En cualquier caso puede pedirnos la factura por empresa de su reserva.<\/p>\n\n\n\n<p>En el momento de efectuar una reserva debe hacerse el pago del 100% del importe.<\/p>\n\n\n\n<p>Si despu\u00e9s de 2 d\u00edas desde la solicitud de reserva no se ha recibido el pago, Bodegas Carol Vall\u00e8s se reserva el derecho de cancelar la reserva sin previo aviso.<\/p>\n\n\n\n<p>Toda reserva realizada es supervisada para confirmar que todos los aspectos de la misma son correctos (precio, ocupaci\u00f3n y caracter\u00edsticas). Una vez revisada la reserva y recibido el pago se env\u00eda un correo electr\u00f3nico de confirmaci\u00f3n. La reserva se considera confirmada una vez se ha enviado el correo electr\u00f3nico de confirmaci\u00f3n de la reserva. El tiempo m\u00ednimo para poder aceptar y confirmar reservas es de 48 horas antes de la actividad. Recomendamos siempre hacer la reserva con la m\u00e1xima antelaci\u00f3n posible para poder garantizar las plazas.<\/p>\n\n\n\n<p>Para modificar la fecha de reserva o hacer cualquier cambio en su contenido (n\u00famero de personas, necesidades espec\u00edficas, tipo de actividad, etc.), habr\u00e1 que avisar con una antelaci\u00f3n de 2 d\u00edas h\u00e1biles. En caso de que el cliente no avise con el tiempo suficiente, Bodegas Carol Vall\u00e8s se reserva el derecho de anular la reserva sin compensaci\u00f3n ni devoluci\u00f3n del importe pagado. En caso de que el cliente haya hecho uso de un cup\u00f3n regalo, este cup\u00f3n se considerar\u00e1 validado y no ser\u00e1 v\u00e1lido para otra actividad.<\/p>\n\n\n\n<p>En caso de que el cliente tenga alguna intolerancia alimentaria o alergia, ser\u00e1 necesario que lo notifique en el momento de realizar la reserva. Del mismo modo, si tiene cualquier otro tipo de limitaci\u00f3n alimentaria (no consumo de carne, por ejemplo), ser\u00e1 necesario que se notifique con antelaci\u00f3n al momento de realizar la reserva.<\/p>\n\n\n\n<h3 class=\"wp-block-heading\">1.2. Pedidos de cava y productos alimenticios<\/h3>\n\n\n\n<p>Puede solicitar su pedido de cava u otros productos alimenticios, como pueden ser el aceite de oliva o los lotes de Navidad, llamando al tel\u00e9fono <a href=\"tel: +34938989078\">+ 34 93 898 90 78 <\/a>, enviando un correo electr\u00f3nico a <a href=\"mailto: visites@cellerscarol.com \">visites@cellerscarol.com <\/a>, a trav\u00e9s del sistema de tienda online que encontrar\u00e1 en <a href=\" http:\/\/www.cellerscarol.com\/cava \">www.cellerscarol.com\/cava<\/a> o rellenando el formulario de contacto que encontrar\u00e1 a <a href=\"http:\/\/www.cellerscarol.com\/contacte\">www.cellerscarol.com\/contacte <\/a>. En cualquier caso puede pedirnos la factura por empresa de su pedido.<\/p>\n\n\n\n<p>En el momento de efectuar una compra hay que hacer el pago del 100% del importe mediante tarjeta o transferencia bancaria.<\/p>\n\n\n\n<p>Si despu\u00e9s de 5 d\u00edas desde la compra no se ha recibido el pago, Bodegas Carol Vall\u00e8s se reserva el derecho de cancelar la compra sin previo aviso.<\/p>\n\n\n\n<p>Cualquier compra realizada es supervisada para confirmar que todos los aspectos del pedido son correctos (precio, disponibilidad y caracter\u00edsticas). Una vez revisada la pedido y recibido el pago, se hace el env\u00edo. Su entrega se efectuar\u00e1 en un plazo de 1-2 d\u00edas h\u00e1biles. Los pedidos efectuados en viernes o v\u00edsperas de festivos pueden tardar m\u00e1s de lo normal.<\/p>\n\n\n\n<h3 class=\"wp-block-heading\">1.3. otros<\/h3>\n\n\n\n<p>Cellers Carol Vall\u00e8s organiza en ocasiones puntuales eventos donde pone a la venta, dentro de la misma finca, productos de otras empresas. Para conocer las condiciones sujetas a estas situaciones contacte directamente con nosotros en cada caso.<\/p>\n\n\n\n<h2 class=\"wp-block-heading\">Horarios<\/h2>\n\n\n\n<p>Los d\u00edas sin ninguna fiesta nacional encontrar\u00e1 Cellers Carol Vall\u00e8s abierto dentro de los horarios que puede ver a continuaci\u00f3n. En cuanto a los d\u00edas festivos nacionales consulte con nosotros directamente la disponibilidad en cada caso.<\/p>\n\n\n\n<h3 class=\"wp-block-heading\">2.1. Enoturismo<\/h3>\n\n\n\n<ul class=\"wp-block-list\"><li>Nuestros horarios de atenci\u00f3n al p\u00fablico son:<\/li><li>Fines de semana: de 10 a 14 h<\/li><\/ul>\n\n\n\n<h3 class=\"wp-block-heading\">2.2. Botiga de cava i productes alimentaris<\/h3>\n\n\n\n<p>Nuestros horarios de atenci\u00f3n al p\u00fablico son:<\/p>\n\n\n\n<ul class=\"wp-block-list\"><li>Fines de semana: de 10 a 14 h<\/li><li>Entre semana: para ser atendido es imprescindible que consulte la disponibilidad previamente a trav\u00e9s de nuestro tel\u00e9fono o direcci\u00f3n de correo electr\u00f3nico de contacto. Al ser una bodega peque\u00f1a, no podemos garantizar que en todo momento haya alguien presente.<\/li><\/ul>\n\n\n\n<p>Equipamiento de la finca Bodegas Carol Vall\u00e8s dispone de servicio gratuito de aparcamiento justo al lado de la finca.<\/p>\n\n\n\n<p>Los accesos est\u00e1n parcialmente habilitados para personas con movilidad reducida y sillas de ruedas. El acceso a la finca, en las bodegas y en el espacio exterior de degustaci\u00f3n est\u00e1n habilitados. Los ba\u00f1os se encuentran en fase de adaptaci\u00f3n y actualmente no disponen de habilitaci\u00f3n para sillas de ruedas.<\/p>\n\n\n\n<h2 class=\"wp-block-heading\">Animales de compa\u00f1\u00eda<\/h2>\n\n\n\n<p>Los animales de compa\u00f1\u00eda son bienvenidos a Bodegas Carol Vall\u00e8s. Sin embargo, es necesario que las personas que lleven mascotas se hagan responsables de su comportamiento durante la visita.<\/p>\n\n\n\n<p>Por razones sanitarias hay espacios de las bodegas donde los animales tienen el acceso restringido (sala de cata, cavas, etc.). En caso de que se lleven mascotas habr\u00e1 que tener en cuenta que estos no podr\u00e1n acceder a estos espacios y que el propietario deber\u00e1 hacerse cargo del animal mientras los grupos realizan las actividades en los espacios donde los animales tienen la entrada restringida.<\/p>\n\n\n\n<p>Advertimos que Cellers Carol Vall\u00e8s tiene un perro propio, el Trasto, que normalmente campa libremente por los alrededores de la casa. Sin embargo, en caso de que alg\u00fan cliente lo solicite el perro se puede cerrar.<\/p>\n\n\n\n<h2 class=\"wp-block-heading\">Anulaci\u00f3n o cambio de una reserva<\/h2>\n\n\n\n<p>Usted puede anular o cambiar en cualquier momento su reserva. No tendr\u00e1 ning\u00fan cargo si lo hace al menos 3 d\u00edas antes de la actividad contratada.<\/p>\n\n\n\n<p>Bodegas Carol Vall\u00e8s se reserva el derecho a no devolver las cantidades pagadas si la anulaci\u00f3n de la reserva se hace fuera de este plazo.<\/p>\n\n\n\n<h2 class=\"wp-block-heading\">Pol\u00edtica de devoluciones<\/h2>\n\n\n\n<h3 class=\"wp-block-heading\">6.1. El producto recibido es incorrecto, est\u00e1 da\u00f1ado o defectuoso<\/h3>\n\n\n\n<p>Cuando reciba su pedido deber\u00e1 inspeccionar el paquete para verificar que el pedido es correcto, siempre antes de abrir y consumir los productos. Si ha recibido un pedido incorrecto, o los productos se encuentran da\u00f1ados o defectuosos, intentaremos solucionar este problema lo antes posible con usted. Para recibir el reembolso o reemplazo de productos, deber\u00e1 devolver el pedido en las mismas condiciones en que la recibi\u00f3 y durante los 14 d\u00edas siguientes a la llegada del paquete.<\/p>\n\n\n\n<h3 class=\"wp-block-heading\">6.2. Derechos del consumidor<\/h3>\n\n\n\n<p>Nuestra pol\u00edtica de devoluciones no afecta sus derechos como consumidor.<\/p>\n\n\n\n<h3 class=\"wp-block-heading\">6.3. Qu\u00e9 hacer para devolver un producto<\/h3>\n\n\n\n<p>Contacte con nosotros llamando al tel\u00e9fono <a rel=\"noreferrer noopener\" href=\"tel:+34938989078\" target=\"_blank\">+34 93 898 90 78 <\/a>, enviando un correo electr\u00f3nico a <a href=\"mailto: visites@cellerscarol.com\">visites@cellerscarol.com <\/a>, facilitando su n\u00famero de pedido, el producto a devolver y la raz\u00f3n por la que se realiza esta devoluci\u00f3n. Le confirmaremos la direcci\u00f3n a la que debe enviar el art\u00edculo en cuesti\u00f3n. Por favor, empaquete el art\u00edculo de manera segura e incluya dentro del paquete su n\u00famero de pedido, nombre y direcci\u00f3n completa. Por favor, incluya tambi\u00e9n el recibo o justificante de env\u00edo.<\/p>\n\n\n\n<p>Cualquier producto devuelto es responsabilidad del usuario hasta que llega a nuestro almac\u00e9n. Por ello, aseg\u00farese de que nos lo hace llegar a trav\u00e9s de un m\u00e9todo de env\u00edo seguro.<\/p>\n\n\n\n<p>Nuestra pol\u00edtica de devoluci\u00f3n se aplica a los pedidos realizados directamente a trav\u00e9s de nuestros propios canales de venta (pedidos directos oa trav\u00e9s de la web <a href=\"http:\/\/www.cellerscarol.com\">www.cellerscarol.com <\/a>). Por ello, si ha adquirido un producto en alguna de nuestras tiendas de venta especializadas y \/ o en distribuidoras de nuestra marca, por favor, contacte con la tienda directamente.<\/p>\n\n\n\n<h3 class=\"wp-block-heading\">6.4. Coste de art\u00edculos devueltos<\/h3>\n\n\n\n<p>S\u00f3lo se devolver\u00e1n los gastos de env\u00edo de las devoluciones por pedidos err\u00f3neas y de productos que se encuentren da\u00f1ados o defectuosos.<\/p>\n\n\n\n<h3 class=\"wp-block-heading\">6.5. Quejas y reclamaciones<\/h3>\n\n\n\n<p>Si no est\u00e1 satisfecho con el m\u00e9todo que hemos aplicado para gestionar su devoluci\u00f3n o reemplazo de cualquier producto, estaremos encantados de buscar soluciones alternativas para resolver cualquier incidente, agradeciendo el contacto directo con el equipo de las bodegas a trav\u00e9s del correo <a href=\"mailto:visitas@cellerscarol.com\">visitas@cellerscarol.com<\/a><\/p>\n\n\n\n<h3 class=\"wp-block-heading\">Hojas de reclamaci\u00f3n<\/h3>\n\n\n\n<p>Cellers Carol Vall\u00e8s dispone de hojas oficiales de queja, reclamaci\u00f3n y denuncia.<\/p>\n","protected":false},"excerpt":{"rendered":"<p>Reservas y pagos 1.1. Enoturismo Puede solicitar su reserva para una visita enotur\u00edstica llamando al tel\u00e9fono +34 93 898 90 78, enviando un correo electr\u00f3nico a visites@cellerscarol.com , a trav\u00e9s del sistema de tienda online que encontrar\u00e1 en www.cellerscarol.com\/botiga\/enoturisme o rellenando el formulario de contacto que encontrar\u00e1 en www.cellerscarol.com\/contacte . En cualquier caso puede pedirnos &hellip; <a href=\"https:\/\/cellerscarol.com\/es\/politica-de-compras-y-devoluciones\/\">Ver m\u00e1s<\/a><\/p>\n","protected":false},"author":1,"featured_media":0,"parent":0,"menu_order":0,"comment_status":"closed","ping_status":"closed","template":"views\/static.blade.php","meta":{"_acf_changed":false,"footnotes":""},"class_list":["post-12407","page","type-page","status-publish","hentry"],"acf":[],"_links":{"self":[{"href":"https:\/\/cellerscarol.com\/es\/wp-json\/wp\/v2\/pages\/12407","targetHints":{"allow":["GET"]}}],"collection":[{"href":"https:\/\/cellerscarol.com\/es\/wp-json\/wp\/v2\/pages"}],"about":[{"href":"https:\/\/cellerscarol.com\/es\/wp-json\/wp\/v2\/types\/page"}],"author":[{"embeddable":true,"href":"https:\/\/cellerscarol.com\/es\/wp-json\/wp\/v2\/users\/1"}],"replies":[{"embeddable":true,"href":"https:\/\/cellerscarol.com\/es\/wp-json\/wp\/v2\/comments?post=12407"}],"version-history":[{"count":1,"href":"https:\/\/cellerscarol.com\/es\/wp-json\/wp\/v2\/pages\/12407\/revisions"}],"predecessor-version":[{"id":12409,"href":"https:\/\/cellerscarol.com\/es\/wp-json\/wp\/v2\/pages\/12407\/revisions\/12409"}],"wp:attachment":[{"href":"https:\/\/cellerscarol.com\/es\/wp-json\/wp\/v2\/media?parent=12407"}],"curies":[{"name":"wp","href":"https:\/\/api.w.org\/{rel}","templated":true}]}}