{"id":12414,"date":"2021-05-25T13:31:57","date_gmt":"2021-05-25T11:31:57","guid":{"rendered":"https:\/\/cellerscarol.laukatu.dev\/politica-de-galetes\/"},"modified":"2021-07-21T12:56:44","modified_gmt":"2021-07-21T10:56:44","slug":"politica-de-cookies","status":"publish","type":"page","link":"https:\/\/cellerscarol.com\/es\/politica-de-cookies\/","title":{"rendered":"Pol\u00edtica de cookies"},"content":{"rendered":"\n<p>En cumplimiento con lo dispuesto en el art\u00edculo 22.2 de la Ley 34\/2002, de 11 de julio, de Servicios de la Sociedad de la Informaci\u00f3n y de Comercio Electr\u00f3nico, esta p\u00e1gina web le informa, en esta secci\u00f3n, sobre la pol\u00edtica de recogida y tratamiento de galletas.<\/p>\n\n\n\n<h2 class=\"wp-block-heading\">\u00bfQu\u00e9 son las cookies?<\/h2>\n\n\n\n<p>Una cookie es un archivo que se descarga en su ordenador al acceder a determinadas p\u00e1ginas web. Las cookies permiten a una p\u00e1gina web, entre otras cosas, almacenar y recuperar informaci\u00f3n sobre los h\u00e1bitos de navegaci\u00f3n de un usuario o de su equipo y, dependiendo de la informaci\u00f3n que contengan y de la forma en que utilicen en su equipo , pueden utilizarse para el reconocimiento del usuario.<\/p>\n\n\n\n<h2 class=\"wp-block-heading\">\u00bfQu\u00e9 tipos de cookies se utilizan en este sitio web?<\/h2>\n\n\n\n<p>Esta web utiliza los siguientes tipos de galletas:<br><\/p>\n\n\n\n<p>Galletas de an\u00e1lisis: Son aquellas que, o bien tratadas por nosotros o por terceros, nos permite cuantificar el n\u00famero de usuarios y as\u00ed realizar la medici\u00f3n y el an\u00e1lisis estad\u00edstico de la utilizaci\u00f3n que hacen los usuarios de los servicios ofertados . Se analiza su comportamiento en nuestro sitio web para mejorar la oferta de productos o servicios que le ofrecemos.<br><\/p>\n\n\n\n<p>Cookies t\u00e9cnicas: Son aquellas que permiten al usuario navegar a trav\u00e9s del \u00e1rea restringida y utilizar diferentes funciones, como por ejemplo, llevar a cabo el proceso de compra de un art\u00edculo.<br><\/p>\n\n\n\n<p>Galletas de personalizaci\u00f3n: Son aquellas que permiten al usuario acceder al servicio con algunas caracter\u00edsticas de car\u00e1cter general predefinidas en funci\u00f3n de una serie de criterios en el terminal del usuario, como por ejemplo el idioma o el tipo de navegador que utiliza.<br><\/p>\n\n\n\n<p>Esta web no utiliza cookies publicitarias o de publicidad comportamental porque no contiene anuncios.<br><\/p>\n\n\n\n<h2 class=\"wp-block-heading\">Deshabilitar las cookies<\/h2>\n\n\n\n<p>Usted puede permitir, bloquear o eliminar las cookies instaladas en su equipo mediante la configuraci\u00f3n de las opciones del navegador que utilice.<br><\/p>\n\n\n\n<p>A continuaci\u00f3n puede acceder a la configuraci\u00f3n de los navegadores web m\u00e1s frecuentes para aceptar, bloquear o desactivar las cookies:<br><\/p>\n\n\n\n<ul class=\"wp-block-list\"><li><a href=\"https:\/\/support.google.com\/chrome\/answer\/95647?hl=ca\">Configurar cookies en Google Chrome<\/a><\/li><li><a href=\" https: \/\/ support.microsoft.com\/es-es\/products\/windows?os=windows-8.1 \">Configurar galletas en Microsoft Internet Explorer<\/a><\/li><li><a href=\" http: \/\/ Configurar galletas de Mozilla Firefox \">Configurar cookies en Mozilla Firefox<\/a><\/li><li><a href=\"https:\/\/support.apple.com\/kb\/PH21411?viewlocale=es_ES&amp; ; locale = es_ES \">Configurar cookies en Safari (Apple)<\/a><\/li><\/ul>\n\n\n\n<h2 class=\"wp-block-heading\">Cookies de terceros<\/h2>\n\n\n\n<p>Esta p\u00e1gina web utiliza servicios de terceros para recopilar informaci\u00f3n con fines estad\u00edsticos y de uso de la web. Son utilizadas para orientar el contenido que es relevante para los usuarios, mejorando as\u00ed la calidad de experiencia de uso de los mismos.<br><\/p>\n\n\n\n<p>En concreto, utilizamos los servicios de Google Analytics para nuestras estad\u00edsticas. Algunas galletas son esenciales para el funcionamiento del sitio, por ejemplo, por el buscador incorporado.<br><\/p>\n\n\n\n<p>Nuestro sitio incluye otras funcionalidades proporcionadas por terceros. Gracias a ello, puede compartir f\u00e1cilmente el contenido en redes sociales como Facebook, Twitter o Google+, con los botones que hemos incluido para este efecto.<br><\/p>\n\n\n\n<h2 class=\"wp-block-heading\">Advertencia sobre eliminar cookies<\/h2>\n\n\n\n<p>Puede eliminar y bloquear todas las cookies de este sitio, pero parte del sitio no funcionar\u00e1 o la calidad del mismo podr\u00e1 verse afectada.<\/p>\n\n\n\n<p>Si tiene cualquier duda sobre nuestra pol\u00edtica de cookies, puede acudir directamente a nosotros a trav\u00e9s de nuestros canales de contacto.<\/p>\n","protected":false},"excerpt":{"rendered":"<p>En cumplimiento con lo dispuesto en el art\u00edculo 22.2 de la Ley 34\/2002, de 11 de julio, de Servicios de la Sociedad de la Informaci\u00f3n y de Comercio Electr\u00f3nico, esta p\u00e1gina web le informa, en esta secci\u00f3n, sobre la pol\u00edtica de recogida y tratamiento de galletas. \u00bfQu\u00e9 son las cookies? Una cookie es un archivo &hellip; <a href=\"https:\/\/cellerscarol.com\/es\/politica-de-cookies\/\">Ver m\u00e1s<\/a><\/p>\n","protected":false},"author":1,"featured_media":0,"parent":0,"menu_order":0,"comment_status":"closed","ping_status":"closed","template":"views\/static.blade.php","meta":{"_acf_changed":false,"footnotes":""},"class_list":["post-12414","page","type-page","status-publish","hentry"],"acf":[],"_links":{"self":[{"href":"https:\/\/cellerscarol.com\/es\/wp-json\/wp\/v2\/pages\/12414","targetHints":{"allow":["GET"]}}],"collection":[{"href":"https:\/\/cellerscarol.com\/es\/wp-json\/wp\/v2\/pages"}],"about":[{"href":"https:\/\/cellerscarol.com\/es\/wp-json\/wp\/v2\/types\/page"}],"author":[{"embeddable":true,"href":"https:\/\/cellerscarol.com\/es\/wp-json\/wp\/v2\/users\/1"}],"replies":[{"embeddable":true,"href":"https:\/\/cellerscarol.com\/es\/wp-json\/wp\/v2\/comments?post=12414"}],"version-history":[{"count":5,"href":"https:\/\/cellerscarol.com\/es\/wp-json\/wp\/v2\/pages\/12414\/revisions"}],"predecessor-version":[{"id":12421,"href":"https:\/\/cellerscarol.com\/es\/wp-json\/wp\/v2\/pages\/12414\/revisions\/12421"}],"wp:attachment":[{"href":"https:\/\/cellerscarol.com\/es\/wp-json\/wp\/v2\/media?parent=12414"}],"curies":[{"name":"wp","href":"https:\/\/api.w.org\/{rel}","templated":true}]}}