{"id":18867,"date":"2023-05-04T09:41:35","date_gmt":"2023-05-04T07:41:35","guid":{"rendered":"https:\/\/cellerscarol.com\/?page_id=18867"},"modified":"2023-05-04T12:27:36","modified_gmt":"2023-05-04T10:27:36","slug":"instants","status":"publish","type":"page","link":"https:\/\/cellerscarol.com\/es\/instants\/","title":{"rendered":"Festival Instants"},"content":{"rendered":"\n<p class=\"has-text-align-center\">Acomp\u00e1\u00f1anos a la V edici\u00f3n del Festival Instants, un ciclo de cuatro conciertos en peque\u00f1o formato, exclusivos y de aforo limitado que se celebran las noches del s\u00e1bado del mes de Junio y Julio, en el patio de  <a href=\"https:\/\/goo.gl\/maps\/95tvLBgAzN5cGbeb9\">Celler Carol Vall\u00e8s<\/a><\/p>\n\n\n\n<p class=\"has-text-align-center\">Este verano, las fechas ser\u00e1n: <strong>10 de Junio<\/strong>, el <strong>8, 15 y 22 de Julio de 2023.<\/strong><\/p>\n\n\n\n<p class=\"has-text-align-center\"><strong>Los artistas que nos acompa\u00f1aran ser\u00e1n:<\/strong><\/p>\n\n\n\n<p class=\"has-text-align-center\">10 de Junio: Gerard Aledo<\/p>\n\n\n\n<p class=\"has-text-align-center\">8 de Jiulio: Clara Gispert<\/p>\n\n\n\n<p class=\"has-text-align-center\">15 Julio: Guillem Ramisa<\/p>\n\n\n\n<p class=\"has-text-align-center\">22 de Julio: In Crescendo<\/p>\n","protected":false},"excerpt":{"rendered":"<p>Acomp\u00e1\u00f1anos a la V edici\u00f3n del Festival Instants, un ciclo de cuatro conciertos en peque\u00f1o formato, exclusivos y de aforo limitado que se celebran las noches del s\u00e1bado del mes de Junio y Julio, en el patio de Celler Carol Vall\u00e8s Este verano, las fechas ser\u00e1n: 10 de Junio, el 8, 15 y 22 de &hellip; <a href=\"https:\/\/cellerscarol.com\/es\/instants\/\">Ver m\u00e1s<\/a><\/p>\n","protected":false},"author":1546,"featured_media":19534,"parent":0,"menu_order":0,"comment_status":"closed","ping_status":"closed","template":"views\/page-instants.blade.php","meta":{"_acf_changed":false,"footnotes":""},"class_list":["post-18867","page","type-page","status-publish","has-post-thumbnail","hentry"],"acf":[],"_links":{"self":[{"href":"https:\/\/cellerscarol.com\/es\/wp-json\/wp\/v2\/pages\/18867","targetHints":{"allow":["GET"]}}],"collection":[{"href":"https:\/\/cellerscarol.com\/es\/wp-json\/wp\/v2\/pages"}],"about":[{"href":"https:\/\/cellerscarol.com\/es\/wp-json\/wp\/v2\/types\/page"}],"author":[{"embeddable":true,"href":"https:\/\/cellerscarol.com\/es\/wp-json\/wp\/v2\/users\/1546"}],"replies":[{"embeddable":true,"href":"https:\/\/cellerscarol.com\/es\/wp-json\/wp\/v2\/comments?post=18867"}],"version-history":[{"count":2,"href":"https:\/\/cellerscarol.com\/es\/wp-json\/wp\/v2\/pages\/18867\/revisions"}],"predecessor-version":[{"id":27177,"href":"https:\/\/cellerscarol.com\/es\/wp-json\/wp\/v2\/pages\/18867\/revisions\/27177"}],"wp:featuredmedia":[{"embeddable":true,"href":"https:\/\/cellerscarol.com\/es\/wp-json\/wp\/v2\/media\/19534"}],"wp:attachment":[{"href":"https:\/\/cellerscarol.com\/es\/wp-json\/wp\/v2\/media?parent=18867"}],"curies":[{"name":"wp","href":"https:\/\/api.w.org\/{rel}","templated":true}]}}