{"id":12463,"date":"2021-06-28T15:22:46","date_gmt":"2021-06-28T13:22:46","guid":{"rendered":"https:\/\/cellerscarol.laukatu.dev\/producte\/trastocat-reserva-extra-brut\/"},"modified":"2022-11-15T14:50:56","modified_gmt":"2022-11-15T12:50:56","slug":"trastocat-reserva-extra-brut","status":"publish","type":"product","link":"https:\/\/cellerscarol.com\/es\/producto\/trastocat-reserva-extra-brut\/","title":{"rendered":"Trastocat"},"content":{"rendered":"<p>El Trastocat es un cava de crianza con las variedades tradicionales del Pened\u00e8s.<br \/>\nEn la etiqueta, una imagen atrevida del perro de la bodega.<\/p>\n<p>Escogimos esta imagen porque que todo el mundo tiene un \u00abTrasto\u00bb en su vida. Un animal que nos ha marcado. Que nos ha dejado una huella. Al igual que el cava, el Trasto es historia, pero tambi\u00e9n es cercan\u00eda y emoci\u00f3n. Fiel, sincero y noble. Como el cava que hemos elaborado.<\/p>\n<p>Es un cava pensado para aquellos que buscan descubrir nuevos productos. Productos de calidad, pero elaborados con una mentalidad fresca y din\u00e1mica. Un cava sin complicaciones.<\/p>\n","protected":false},"excerpt":{"rendered":"<p>El Trastocat es un cava de crianza con las variedades tradicionales del Pened\u00e8s. En la etiqueta, una imagen atrevida del perro de la bodega. Escogimos esta imagen porque que todo el mundo tiene un \u00abTrasto\u00bb en su vida. Un animal que nos ha marcado. Que nos ha dejado una huella. Al igual que el cava, &hellip; <a href=\"https:\/\/cellerscarol.com\/es\/producto\/trastocat-reserva-extra-brut\/\">Ver m\u00e1s<\/a><\/p>\n","protected":false},"featured_media":15344,"comment_status":"closed","ping_status":"closed","template":"","meta":{"_acf_changed":false},"product_brand":[],"product_cat":[53,78],"product_tag":[],"class_list":{"0":"post-12463","1":"product","2":"type-product","3":"status-publish","4":"has-post-thumbnail","6":"product_cat-cavas","7":"product_cat-cavas-de-la-familia","9":"first","10":"instock","11":"taxable","12":"shipping-taxable","13":"purchasable","14":"product-type-simple"},"booking_location":null,"booking_location_type":null,"booking_duration":null,"booking_duration_unit":null,"booking_buffer":null,"booking_cost":null,"booking_resources":null,"acf":[],"_links":{"self":[{"href":"https:\/\/cellerscarol.com\/es\/wp-json\/wp\/v2\/product\/12463","targetHints":{"allow":["GET"]}}],"collection":[{"href":"https:\/\/cellerscarol.com\/es\/wp-json\/wp\/v2\/product"}],"about":[{"href":"https:\/\/cellerscarol.com\/es\/wp-json\/wp\/v2\/types\/product"}],"replies":[{"embeddable":true,"href":"https:\/\/cellerscarol.com\/es\/wp-json\/wp\/v2\/comments?post=12463"}],"wp:featuredmedia":[{"embeddable":true,"href":"https:\/\/cellerscarol.com\/es\/wp-json\/wp\/v2\/media\/15344"}],"wp:attachment":[{"href":"https:\/\/cellerscarol.com\/es\/wp-json\/wp\/v2\/media?parent=12463"}],"wp:term":[{"taxonomy":"product_brand","embeddable":true,"href":"https:\/\/cellerscarol.com\/es\/wp-json\/wp\/v2\/product_brand?post=12463"},{"taxonomy":"product_cat","embeddable":true,"href":"https:\/\/cellerscarol.com\/es\/wp-json\/wp\/v2\/product_cat?post=12463"},{"taxonomy":"product_tag","embeddable":true,"href":"https:\/\/cellerscarol.com\/es\/wp-json\/wp\/v2\/product_tag?post=12463"}],"curies":[{"name":"wp","href":"https:\/\/api.w.org\/{rel}","templated":true}]}}