{"id":12466,"date":"2021-06-28T15:02:14","date_gmt":"2021-06-28T13:02:14","guid":{"rendered":"https:\/\/cellerscarol.laukatu.dev\/producte\/gran-reserva-familiar-millenium-2011\/"},"modified":"2025-04-07T11:59:25","modified_gmt":"2025-04-07T09:59:25","slug":"gran-reserva-familiar-millenium-2013","status":"publish","type":"product","link":"https:\/\/cellerscarol.com\/es\/producto\/gran-reserva-familiar-millenium-2013\/","title":{"rendered":"Gran Reserva Familiar Millenium 2013"},"content":{"rendered":"<p>Dorado intenso, complejo y elegante en nariz. Aromas de crianza, notas de reposter\u00eda, fruta escarchada, membrillo. Fresco, sabroso y con el carb\u00f3nico bien integrado. Final muy largo.<\/p>\n<p><strong>En la crianza de 2006, este cava se llamaba Guillem Carol Millenium, el cual fue el cava ganador del Vinari de Oro de 2015 en la categor\u00eda antiguas reservas.<\/strong>\u00a0En 2014 entr\u00f3 en el cuadro de honor de los mejores cavas de Espa\u00f1a en la Gu\u00eda de Vinos Gourmets. Tambi\u00e9n de los mejores cavas de Catalu\u00f1a en la Gu\u00eda de Vinos y Cavas de Catalu\u00f1a.<\/p>\n<p>La misma Gu\u00eda de Vinos Gourmets, lo incluy\u00f3 de nuevo en el cuadro de honor de los mejores vinos de espa\u00f1a el a\u00f1o 2017, con una puntuaci\u00f3n de 94 puntos. En 2022 Pe\u00f1\u00edn le otorga 94 puntos.<\/p>\n<p>Es un gran cava!<\/p>\n","protected":false},"excerpt":{"rendered":"<p>Dorado intenso, complejo y elegante en nariz. Aromas de crianza, notas de reposter\u00eda, fruta escarchada, membrillo. Fresco, sabroso y con el carb\u00f3nico bien integrado. Final muy largo. En la crianza de 2006, este cava se llamaba Guillem Carol Millenium, el cual fue el cava ganador del Vinari de Oro de 2015 en la categor\u00eda antiguas &hellip; <a href=\"https:\/\/cellerscarol.com\/es\/producto\/gran-reserva-familiar-millenium-2013\/\">Ver m\u00e1s<\/a><\/p>\n","protected":false},"featured_media":24093,"comment_status":"closed","ping_status":"closed","template":"","meta":{"_acf_changed":false},"product_brand":[],"product_cat":[53,83],"product_tag":[],"class_list":{"0":"post-12466","1":"product","2":"type-product","3":"status-publish","4":"has-post-thumbnail","6":"product_cat-cavas","7":"product_cat-cavas-de-coleccion","9":"first","10":"instock","11":"taxable","12":"shipping-taxable","13":"purchasable","14":"product-type-simple"},"booking_location":null,"booking_location_type":null,"booking_duration":null,"booking_duration_unit":null,"booking_buffer":null,"booking_cost":null,"booking_resources":null,"acf":[],"_links":{"self":[{"href":"https:\/\/cellerscarol.com\/es\/wp-json\/wp\/v2\/product\/12466","targetHints":{"allow":["GET"]}}],"collection":[{"href":"https:\/\/cellerscarol.com\/es\/wp-json\/wp\/v2\/product"}],"about":[{"href":"https:\/\/cellerscarol.com\/es\/wp-json\/wp\/v2\/types\/product"}],"replies":[{"embeddable":true,"href":"https:\/\/cellerscarol.com\/es\/wp-json\/wp\/v2\/comments?post=12466"}],"wp:featuredmedia":[{"embeddable":true,"href":"https:\/\/cellerscarol.com\/es\/wp-json\/wp\/v2\/media\/24093"}],"wp:attachment":[{"href":"https:\/\/cellerscarol.com\/es\/wp-json\/wp\/v2\/media?parent=12466"}],"wp:term":[{"taxonomy":"product_brand","embeddable":true,"href":"https:\/\/cellerscarol.com\/es\/wp-json\/wp\/v2\/product_brand?post=12466"},{"taxonomy":"product_cat","embeddable":true,"href":"https:\/\/cellerscarol.com\/es\/wp-json\/wp\/v2\/product_cat?post=12466"},{"taxonomy":"product_tag","embeddable":true,"href":"https:\/\/cellerscarol.com\/es\/wp-json\/wp\/v2\/product_tag?post=12466"}],"curies":[{"name":"wp","href":"https:\/\/api.w.org\/{rel}","templated":true}]}}