{"id":12471,"date":"2021-06-28T15:02:23","date_gmt":"2021-06-28T13:02:23","guid":{"rendered":"https:\/\/cellerscarol.laukatu.dev\/producte\/guillem-carol-gran-reserva-brut-nature\/"},"modified":"2022-11-15T14:44:39","modified_gmt":"2022-11-15T12:44:39","slug":"guillem-carol-gran-reserva-brut-nature","status":"publish","type":"product","link":"https:\/\/cellerscarol.com\/es\/producto\/guillem-carol-gran-reserva-brut-nature\/","title":{"rendered":"Guillem Carol"},"content":{"rendered":"<p>De cuerpo medio y con una acidez todav\u00eda muy presente se encuentra perfectamente en armon\u00eda con las notas m\u00e1s tostadas que le proporcionan la larga crianza. De burbuja peque\u00f1a y bien integrada.<\/p>\n<p>Premiado en la Gu\u00eda Gourmet y Pe\u00f1\u00edn con 90 puntos.\u00a0 Siempre valorado por su relaci\u00f3n alta calidad\/precio. En 2022 ganador del Oro en el concurso de cata Girov\u00ed.<\/p>\n","protected":false},"excerpt":{"rendered":"<p>De cuerpo medio y con una acidez todav\u00eda muy presente se encuentra perfectamente en armon\u00eda con las notas m\u00e1s tostadas que le proporcionan la larga crianza. De burbuja peque\u00f1a y bien integrada. Premiado en la Gu\u00eda Gourmet y Pe\u00f1\u00edn con 90 puntos.\u00a0 Siempre valorado por su relaci\u00f3n alta calidad\/precio. En 2022 ganador del Oro en &hellip; <a href=\"https:\/\/cellerscarol.com\/es\/producto\/guillem-carol-gran-reserva-brut-nature\/\">Ver m\u00e1s<\/a><\/p>\n","protected":false},"featured_media":12522,"comment_status":"closed","ping_status":"closed","template":"","meta":{"_acf_changed":false},"product_brand":[],"product_cat":[53,78],"product_tag":[],"class_list":{"0":"post-12471","1":"product","2":"type-product","3":"status-publish","4":"has-post-thumbnail","6":"product_cat-cavas","7":"product_cat-cavas-de-la-familia","9":"first","10":"instock","11":"taxable","12":"shipping-taxable","13":"purchasable","14":"product-type-simple"},"booking_location":null,"booking_location_type":null,"booking_duration":null,"booking_duration_unit":null,"booking_buffer":null,"booking_cost":null,"booking_resources":null,"acf":[],"_links":{"self":[{"href":"https:\/\/cellerscarol.com\/es\/wp-json\/wp\/v2\/product\/12471","targetHints":{"allow":["GET"]}}],"collection":[{"href":"https:\/\/cellerscarol.com\/es\/wp-json\/wp\/v2\/product"}],"about":[{"href":"https:\/\/cellerscarol.com\/es\/wp-json\/wp\/v2\/types\/product"}],"replies":[{"embeddable":true,"href":"https:\/\/cellerscarol.com\/es\/wp-json\/wp\/v2\/comments?post=12471"}],"wp:featuredmedia":[{"embeddable":true,"href":"https:\/\/cellerscarol.com\/es\/wp-json\/wp\/v2\/media\/12522"}],"wp:attachment":[{"href":"https:\/\/cellerscarol.com\/es\/wp-json\/wp\/v2\/media?parent=12471"}],"wp:term":[{"taxonomy":"product_brand","embeddable":true,"href":"https:\/\/cellerscarol.com\/es\/wp-json\/wp\/v2\/product_brand?post=12471"},{"taxonomy":"product_cat","embeddable":true,"href":"https:\/\/cellerscarol.com\/es\/wp-json\/wp\/v2\/product_cat?post=12471"},{"taxonomy":"product_tag","embeddable":true,"href":"https:\/\/cellerscarol.com\/es\/wp-json\/wp\/v2\/product_tag?post=12471"}],"curies":[{"name":"wp","href":"https:\/\/api.w.org\/{rel}","templated":true}]}}