{"id":12473,"date":"2021-06-28T15:02:26","date_gmt":"2021-06-28T13:02:26","guid":{"rendered":"https:\/\/cellerscarol.laukatu.dev\/producte\/pit-roig\/"},"modified":"2022-11-15T16:07:20","modified_gmt":"2022-11-15T14:07:20","slug":"pit-roig","status":"publish","type":"product","link":"https:\/\/cellerscarol.com\/es\/producto\/pit-roig\/","title":{"rendered":"Pit-roig"},"content":{"rendered":"<p>El Pit-Roig es uno de nuestros apreciados cavas de colecci\u00f3n. Lo producimos \u00fanicamente las mejores a\u00f1adas, apostando por un cava de calidad con un aclarado y deg\u00fcelle manual. Es un Brut Nature ecol\u00f3gico 100% Pinot-Noir de la a\u00f1ada de 2019.<\/p>\n<p>Presenta una burbuja fina y persistente. En nariz predominan las notas de frutos rojos y alguna nota floral (rosa, lirio, etc.), que le dan un gran equilibrio.<\/p>\n<p>Un cava alegre y divertido pero de gran elegancia.<\/p>\n","protected":false},"excerpt":{"rendered":"<p>El Pit-Roig es uno de nuestros apreciados cavas de colecci\u00f3n. Lo producimos \u00fanicamente las mejores a\u00f1adas, apostando por un cava de calidad con un aclarado y deg\u00fcelle manual. Es un Brut Nature ecol\u00f3gico 100% Pinot-Noir de la a\u00f1ada de 2019. Presenta una burbuja fina y persistente. En nariz predominan las notas de frutos rojos y &hellip; <a href=\"https:\/\/cellerscarol.com\/es\/producto\/pit-roig\/\">Ver m\u00e1s<\/a><\/p>\n","protected":false},"featured_media":12525,"comment_status":"closed","ping_status":"closed","template":"","meta":{"_acf_changed":false},"product_brand":[],"product_cat":[53,83],"product_tag":[],"class_list":{"0":"post-12473","1":"product","2":"type-product","3":"status-publish","4":"has-post-thumbnail","6":"product_cat-cavas","7":"product_cat-cavas-de-coleccion","9":"first","10":"instock","11":"taxable","12":"shipping-taxable","13":"purchasable","14":"product-type-simple"},"booking_location":null,"booking_location_type":null,"booking_duration":null,"booking_duration_unit":null,"booking_buffer":null,"booking_cost":null,"booking_resources":null,"acf":[],"_links":{"self":[{"href":"https:\/\/cellerscarol.com\/es\/wp-json\/wp\/v2\/product\/12473","targetHints":{"allow":["GET"]}}],"collection":[{"href":"https:\/\/cellerscarol.com\/es\/wp-json\/wp\/v2\/product"}],"about":[{"href":"https:\/\/cellerscarol.com\/es\/wp-json\/wp\/v2\/types\/product"}],"replies":[{"embeddable":true,"href":"https:\/\/cellerscarol.com\/es\/wp-json\/wp\/v2\/comments?post=12473"}],"wp:featuredmedia":[{"embeddable":true,"href":"https:\/\/cellerscarol.com\/es\/wp-json\/wp\/v2\/media\/12525"}],"wp:attachment":[{"href":"https:\/\/cellerscarol.com\/es\/wp-json\/wp\/v2\/media?parent=12473"}],"wp:term":[{"taxonomy":"product_brand","embeddable":true,"href":"https:\/\/cellerscarol.com\/es\/wp-json\/wp\/v2\/product_brand?post=12473"},{"taxonomy":"product_cat","embeddable":true,"href":"https:\/\/cellerscarol.com\/es\/wp-json\/wp\/v2\/product_cat?post=12473"},{"taxonomy":"product_tag","embeddable":true,"href":"https:\/\/cellerscarol.com\/es\/wp-json\/wp\/v2\/product_tag?post=12473"}],"curies":[{"name":"wp","href":"https:\/\/api.w.org\/{rel}","templated":true}]}}