{"id":12666,"date":"2021-05-04T12:40:48","date_gmt":"2021-05-04T10:40:48","guid":{"rendered":"https:\/\/cellerscarol.laukatu.dev\/producte\/parellada-y-faura\/"},"modified":"2022-11-15T14:11:06","modified_gmt":"2022-11-15T12:11:06","slug":"parellada-y-faura","status":"publish","type":"product","link":"https:\/\/cellerscarol.com\/es\/producto\/parellada-y-faura\/","title":{"rendered":"Parellada i Faura Reserva Brut Nature"},"content":{"rendered":"<p>De color amarillo p\u00e1lido con reflejas verdosos destacas notas de melocot\u00f3n y fruta madurada as\u00ed como notas c\u00edtricas de piel de lim\u00f3n.<\/p>\n<p>Destaca la fruta blanca madura, la manzana y el melocot\u00f3n de vi\u00f1a, la mantequilla y bollo. Un cava afrutado, vive, muy fresco con buena acidez. De burbuja crujiente y final refrescante.<\/p>\n","protected":false},"excerpt":{"rendered":"<p>De color amarillo p\u00e1lido con reflejas verdosos destacas notas de melocot\u00f3n y fruta madurada as\u00ed como notas c\u00edtricas de piel de lim\u00f3n. Destaca la fruta blanca madura, la manzana y el melocot\u00f3n de vi\u00f1a, la mantequilla y bollo. Un cava afrutado, vive, muy fresco con buena acidez. De burbuja crujiente y final refrescante.<\/p>\n","protected":false},"featured_media":12513,"comment_status":"open","ping_status":"closed","template":"","meta":{"_acf_changed":false},"product_brand":[],"product_cat":[53,78],"product_tag":[],"class_list":{"0":"post-12666","1":"product","2":"type-product","3":"status-publish","4":"has-post-thumbnail","6":"product_cat-cavas","7":"product_cat-cavas-de-la-familia","9":"first","10":"instock","11":"taxable","12":"shipping-taxable","13":"purchasable","14":"product-type-simple"},"booking_location":null,"booking_location_type":null,"booking_duration":null,"booking_duration_unit":null,"booking_buffer":null,"booking_cost":null,"booking_resources":null,"acf":[],"_links":{"self":[{"href":"https:\/\/cellerscarol.com\/es\/wp-json\/wp\/v2\/product\/12666","targetHints":{"allow":["GET"]}}],"collection":[{"href":"https:\/\/cellerscarol.com\/es\/wp-json\/wp\/v2\/product"}],"about":[{"href":"https:\/\/cellerscarol.com\/es\/wp-json\/wp\/v2\/types\/product"}],"replies":[{"embeddable":true,"href":"https:\/\/cellerscarol.com\/es\/wp-json\/wp\/v2\/comments?post=12666"}],"wp:featuredmedia":[{"embeddable":true,"href":"https:\/\/cellerscarol.com\/es\/wp-json\/wp\/v2\/media\/12513"}],"wp:attachment":[{"href":"https:\/\/cellerscarol.com\/es\/wp-json\/wp\/v2\/media?parent=12666"}],"wp:term":[{"taxonomy":"product_brand","embeddable":true,"href":"https:\/\/cellerscarol.com\/es\/wp-json\/wp\/v2\/product_brand?post=12666"},{"taxonomy":"product_cat","embeddable":true,"href":"https:\/\/cellerscarol.com\/es\/wp-json\/wp\/v2\/product_cat?post=12666"},{"taxonomy":"product_tag","embeddable":true,"href":"https:\/\/cellerscarol.com\/es\/wp-json\/wp\/v2\/product_tag?post=12666"}],"curies":[{"name":"wp","href":"https:\/\/api.w.org\/{rel}","templated":true}]}}