{"id":24126,"date":"2021-10-27T15:52:24","date_gmt":"2022-11-15T13:31:47","guid":{"rendered":"https:\/\/cellerscarol.com\/?post_type=product&#038;p=24126"},"modified":"2022-11-16T14:29:20","modified_gmt":"2022-11-16T12:29:20","slug":"rossinyol","status":"publish","type":"product","link":"https:\/\/cellerscarol.com\/es\/producto\/rossinyol\/","title":{"rendered":"Rossinyol"},"content":{"rendered":"<p><span style=\"font-weight: 400;\">Rossinyol es un cava de larga crianza (un Gran Reserva de m\u00e1s de 48 meses en rima) de edici\u00f3n limitada del que elaboramos menos de 5000 botellas, todas ellas numeradas. Es un cava fruto de las mejores a\u00f1adas con un coupage singular: un 50% de chardonnay y un 50% de pinot noir, brut nature.<\/span><\/p>\n<p><span style=\"font-weight: 400;\">La burbuja muy fina y delicada lo hace v\u00ednico. Es largo y untuoso gracias al chardonnay y al mismo tiempo perfumado y con fruta por el Pinot noir. De una acidez equilibrada, presente pero no agresiva, es un cava que pide cuchara, platos jugosos o carnes.<\/span><\/p>\n","protected":false},"excerpt":{"rendered":"<p>Rossinyol es un cava de larga crianza (un Gran Reserva de m\u00e1s de 48 meses en rima) de edici\u00f3n limitada del que elaboramos menos de 5000 botellas, todas ellas numeradas. Es un cava fruto de las mejores a\u00f1adas con un coupage singular: un 50% de chardonnay y un 50% de pinot noir, brut nature. La &hellip; <a href=\"https:\/\/cellerscarol.com\/es\/producto\/rossinyol\/\">Ver m\u00e1s<\/a><\/p>\n","protected":false},"featured_media":15328,"comment_status":"open","ping_status":"closed","template":"","meta":{"_acf_changed":false},"product_brand":[],"product_cat":[53,83],"product_tag":[],"class_list":{"0":"post-24126","1":"product","2":"type-product","3":"status-publish","4":"has-post-thumbnail","6":"product_cat-cavas","7":"product_cat-cavas-de-coleccion","9":"first","10":"instock","11":"taxable","12":"shipping-taxable","13":"purchasable","14":"product-type-simple"},"booking_location":null,"booking_location_type":null,"booking_duration":null,"booking_duration_unit":null,"booking_buffer":null,"booking_cost":null,"booking_resources":null,"acf":[],"_links":{"self":[{"href":"https:\/\/cellerscarol.com\/es\/wp-json\/wp\/v2\/product\/24126","targetHints":{"allow":["GET"]}}],"collection":[{"href":"https:\/\/cellerscarol.com\/es\/wp-json\/wp\/v2\/product"}],"about":[{"href":"https:\/\/cellerscarol.com\/es\/wp-json\/wp\/v2\/types\/product"}],"replies":[{"embeddable":true,"href":"https:\/\/cellerscarol.com\/es\/wp-json\/wp\/v2\/comments?post=24126"}],"wp:featuredmedia":[{"embeddable":true,"href":"https:\/\/cellerscarol.com\/es\/wp-json\/wp\/v2\/media\/15328"}],"wp:attachment":[{"href":"https:\/\/cellerscarol.com\/es\/wp-json\/wp\/v2\/media?parent=24126"}],"wp:term":[{"taxonomy":"product_brand","embeddable":true,"href":"https:\/\/cellerscarol.com\/es\/wp-json\/wp\/v2\/product_brand?post=24126"},{"taxonomy":"product_cat","embeddable":true,"href":"https:\/\/cellerscarol.com\/es\/wp-json\/wp\/v2\/product_cat?post=24126"},{"taxonomy":"product_tag","embeddable":true,"href":"https:\/\/cellerscarol.com\/es\/wp-json\/wp\/v2\/product_tag?post=24126"}],"curies":[{"name":"wp","href":"https:\/\/api.w.org\/{rel}","templated":true}]}}