{"id":24725,"date":"2022-11-30T12:00:39","date_gmt":"2022-11-30T10:00:39","guid":{"rendered":"https:\/\/cellerscarol.com\/?post_type=product&#038;p=24725"},"modified":"2025-04-07T12:07:30","modified_gmt":"2025-04-07T10:07:30","slug":"visita-y-brunch-gourmet","status":"publish","type":"product","link":"https:\/\/cellerscarol.com\/es\/producto\/visita-y-brunch-gourmet\/","title":{"rendered":"Visita y Brunch Gourmet"},"content":{"rendered":"<p><span style=\"font-weight: 400;\">Ven a disfrutar de una visita a la bodega familiar Carol Vall\u00e8s, ubicada en un entorno id\u00edlico entre vi\u00f1edos en medio de la Plana Penedesenca. Descubre el paisaje \u00fanico de una de las Denominaciones de Origen m\u00e1s cercanas a Barcelona. Durante la visita aprender\u00e1s c\u00f3mo se hacen los Cavas Reserva y Gran Reserva de alta calidad de la zona vitivin\u00edcola del Pened\u00e8s. Visitar\u00e1s el vi\u00f1edo, la bodega y la cava.<\/span><\/p>\n<p><span style=\"font-weight: 400;\">Al finalizar el grupo podr\u00e1 disfrutar de un desayuno de pay\u00e9s con productos de KM0 maridado con nuestros Cavas de Guarda Superior.<\/span><\/p>\n<p><b>La actividad incluye:<\/b><\/p>\n<ol>\n<li style=\"font-weight: 400;\" aria-level=\"1\"><span style=\"font-weight: 400;\">Visita guiada por los vi\u00f1edos, bodega y cava.<\/span><\/li>\n<li style=\"font-weight: 400;\" aria-level=\"1\"><span style=\"font-weight: 400;\">Breve historia familiar y del Pened\u00e8s, explicaci\u00f3n del proceso artesanal de elaboraci\u00f3n del cava, explicaci\u00f3n del vi\u00f1edo, variedades y tipos de agricultura.<\/span><\/li>\n<li style=\"font-weight: 400;\" aria-level=\"1\"><span style=\"font-weight: 400;\">Desayuno de pay\u00e9s con productos de KM0 maridado con tres cavas reserva y gran reserva.<\/span><\/li>\n<\/ol>\n<p><b>Indicaciones:<\/b><\/p>\n<p><span style=\"font-weight: 400;\">Si dispones de un cup\u00f3n con fecha abierta, debes reservar previamente un d\u00eda y hora concretos enviando un correo a<\/span><a href=\"mailto:visites@cellerscarol.com\"><span style=\"font-weight: 400;\">visitas@cellerscarol.com<\/span><\/a><span style=\"font-weight: 400;\"> o llamando al tel\u00e9fono 93 898 90 78.<\/span><\/p>\n<p><b>Duraci\u00f3n:<\/b><\/p>\n<p><span style=\"font-weight: 400;\">La visita tiene una duraci\u00f3n aproximada de 45 minutos. El desayuno empezar\u00e1 al terminar la visita, y dura aproximadamente una hora y media.<\/span><\/p>\n<p><b>A tener en cuenta:<\/b><\/p>\n<p><span style=\"font-weight: 400;\">Por favor, recuerde avisarnos con antelaci\u00f3n de las necesidades alimentarias especiales: Tenemos opciones vegetarianas y sin gluten disponibles bajo petici\u00f3n. No podemos ofrecer soluciones veganas ni comidas kosher.<\/span><\/p>\n<p><span style=\"font-weight: 400;\">Durante las vacaciones de verano de los proveedores posiblemente algunos de los productos ofrecidos durante estos desayunos sean distintos.<\/span><\/p>\n<p><span style=\"font-weight: 400;\">Esta actividad es un desayuno de pay\u00e9s bastante completo, la mayor\u00eda de gente sale harta, pero no reemplaza una comida. Consta de embutidos de proximidad (fuet, catalana, hervor de foie al cava), quesos hechos con leche cruda de vaca y oveja (Truc, Batall y Gotim), torta de escalivada, pan de pay\u00e9s, olivada de la casa, aceite de oliva virgen extra de arbequina del Pened\u00e8s, tomates. De postre, dependiendo del d\u00eda y de los comensales, podemos poner guirnalda o carqui\u00f1olis con chocolate Sim\u00f3n Coll.<\/span><\/p>\n<p><span style=\"font-weight: 400;\">Visita no apta para perros.<\/span><span style=\"font-weight: 400;\"><br \/>\n<\/span><span style=\"font-weight: 400;\">No est\u00e1 recomendada para personas con problemas de movilidad.<\/span><span style=\"font-weight: 400;\"><br \/>\n<\/span><span style=\"font-weight: 400;\">Disponemos de mosto ecol\u00f3gico para personas que no pueden beber alcohol, menores y mujeres embarazadas.<\/span><\/p>\n<p><b>Tarifas:<\/b><\/p>\n<p><span style=\"font-weight: 400;\">El precio infantil es de 6 a 12 a\u00f1os, ambos inclusive.<\/span><\/p>\n<p><b>Extras:<\/b><\/p>\n<p><span style=\"font-weight: 400;\">\u00a1Combina tu experiencia con una visita a la f\u00e1brica de Chocolate Sim\u00f3n Coll!<\/span> <span style=\"font-weight: 400;\"><br \/>\n<\/span><a href=\"https:\/\/cellerscarol.com\/es\/?post_type=product&amp;p=25220\"><span style=\"font-weight: 400;\">https:\/\/cellerscarol.com\/producte\/visita-combinada-amb-simon-coll\/<\/span><\/a><\/p>\n","protected":false},"excerpt":{"rendered":"<p>Ven a disfrutar de una visita a la bodega familiar Carol Vall\u00e8s, ubicada en un entorno id\u00edlico entre vi\u00f1edos en medio de la Plana Penedesenca. Descubre el paisaje \u00fanico de una de las Denominaciones de Origen m\u00e1s cercanas a Barcelona. Durante la visita aprender\u00e1s c\u00f3mo se hacen los Cavas Reserva y Gran Reserva de alta &hellip; <a href=\"https:\/\/cellerscarol.com\/es\/producto\/visita-y-brunch-gourmet\/\">Ver m\u00e1s<\/a><\/p>\n","protected":false},"featured_media":25862,"comment_status":"closed","ping_status":"closed","template":"","meta":{"_acf_changed":false},"product_brand":[],"product_cat":[40],"product_tag":[],"class_list":{"0":"post-24725","1":"product","2":"type-product","3":"status-publish","4":"has-post-thumbnail","6":"product_cat-actividades","8":"first","9":"instock","10":"featured","11":"virtual","12":"sold-individually","13":"taxable","14":"purchasable","15":"product-type-booking"},"booking_location":"","booking_location_type":"","booking_duration":2,"booking_duration_unit":"hour","booking_buffer":2,"booking_cost":0,"booking_resources":[],"acf":[],"_links":{"self":[{"href":"https:\/\/cellerscarol.com\/es\/wp-json\/wp\/v2\/product\/24725","targetHints":{"allow":["GET"]}}],"collection":[{"href":"https:\/\/cellerscarol.com\/es\/wp-json\/wp\/v2\/product"}],"about":[{"href":"https:\/\/cellerscarol.com\/es\/wp-json\/wp\/v2\/types\/product"}],"replies":[{"embeddable":true,"href":"https:\/\/cellerscarol.com\/es\/wp-json\/wp\/v2\/comments?post=24725"}],"wp:featuredmedia":[{"embeddable":true,"href":"https:\/\/cellerscarol.com\/es\/wp-json\/wp\/v2\/media\/25862"}],"wp:attachment":[{"href":"https:\/\/cellerscarol.com\/es\/wp-json\/wp\/v2\/media?parent=24725"}],"wp:term":[{"taxonomy":"product_brand","embeddable":true,"href":"https:\/\/cellerscarol.com\/es\/wp-json\/wp\/v2\/product_brand?post=24725"},{"taxonomy":"product_cat","embeddable":true,"href":"https:\/\/cellerscarol.com\/es\/wp-json\/wp\/v2\/product_cat?post=24725"},{"taxonomy":"product_tag","embeddable":true,"href":"https:\/\/cellerscarol.com\/es\/wp-json\/wp\/v2\/product_tag?post=24725"}],"curies":[{"name":"wp","href":"https:\/\/api.w.org\/{rel}","templated":true}]}}