{"id":25197,"date":"2024-10-11T18:18:41","date_gmt":"2024-10-11T16:18:41","guid":{"rendered":"https:\/\/cellerscarol.com\/?post_type=product&#038;p=25197"},"modified":"2024-10-11T18:21:18","modified_gmt":"2024-10-11T16:21:18","slug":"cheque_artistico","status":"publish","type":"product","link":"https:\/\/cellerscarol.com\/es\/producto\/cheque_artistico\/","title":{"rendered":"CHEQUE REGALO &#8211; Actividades art\u00edsticas + cata de vinos y cavas"},"content":{"rendered":"<p><span style=\"font-weight: 400;\">Carol Vall\u00e8s te propone una opci\u00f3n para <strong>regalar experiencias<\/strong> art\u00edsticas a esas personas que m\u00e1s te importan. Porque las experiencias no se olvidan. Ya sea por un cumplea\u00f1os, Navidad, Reyes o para celebrar la vida&#8230; \u00a1regala talleres art\u00edsticos en Carol Vall\u00e8s!<\/span><\/p>\n<p>&nbsp;<\/p>\n<p><span style=\"font-weight: 400;\">La opci\u00f3n del cheque regalo te permite regalar<strong> actividades art\u00edsticas<\/strong> de entre la programaci\u00f3n de talleres que ofrecemos en Carol Vall\u00e8s. Regularmente programamos actividades para que los destinatarios del cheque puedan venir a disfrutarlas.<\/span><\/p>\n<p>&nbsp;<\/p>\n<p><b>\u00bfC\u00f3mo funciona?<\/b><\/p>\n<p>&nbsp;<\/p>\n<ul>\n<li aria-level=\"1\"><b>Elige qu\u00e9 actividad quieres regalar:<\/b><\/li>\n<\/ul>\n<p><span style=\"font-weight: 400;\">&#8211; <\/span><b>Taller de iniciaci\u00f3n al sketching.<\/b><span style=\"font-weight: 400;\"> Precio: 39\u20ac\/persona<\/span><\/p>\n<p><span style=\"font-weight: 400;\">&#8211; <\/span><b>Cer\u00e1mica &amp; Cava.<\/b><span style=\"font-weight: 400;\"> Precio: 55\u20ac\/persona<\/span><\/p>\n<p><span style=\"font-weight: 400;\">&#8211; <\/span><b>Arte &amp; Cava &#8211; Pinta un cuadro del Pened\u00e8s.<\/b><span style=\"font-weight: 400;\"> Precio: 45\u20ac\/persona<\/span><\/p>\n<p>&nbsp;<\/p>\n<p><span style=\"font-weight: 400;\">Cualquiera de las actividades incluye una cata de vinos y cavas reserva y gran reserva, adem\u00e1s de la visita a la bodega.<\/span><\/p>\n<p>&nbsp;<\/p>\n<p><span style=\"font-weight: 400;\">Cuando hayas entregado el cheque, los destinatarios deber\u00e1n enviar un correo a visites@cellerscarol.com para fijar la fecha en la que disfrutar\u00e1n de la actividad.<\/span><\/p>\n<p>&nbsp;<\/p>\n<p><span style=\"font-weight: 400;\">\u00a1No te lo pienses m\u00e1s y regala experiencias en Carol Vall\u00e8s!<\/span><\/p>\n","protected":false},"excerpt":{"rendered":"<p>Carol Vall\u00e8s te propone una opci\u00f3n para regalar experiencias art\u00edsticas a esas personas que m\u00e1s te importan. Porque las experiencias no se olvidan. Ya sea por un cumplea\u00f1os, Navidad, Reyes o para celebrar la vida&#8230; \u00a1regala talleres art\u00edsticos en Carol Vall\u00e8s! &nbsp; La opci\u00f3n del cheque regalo te permite regalar actividades art\u00edsticas de entre la &hellip; <a href=\"https:\/\/cellerscarol.com\/es\/producto\/cheque_artistico\/\">Ver m\u00e1s<\/a><\/p>\n","protected":false},"featured_media":32883,"comment_status":"open","ping_status":"closed","template":"","meta":{"_acf_changed":false},"product_brand":[],"product_cat":[40],"product_tag":[],"class_list":{"0":"post-25197","1":"product","2":"type-product","3":"status-publish","4":"has-post-thumbnail","6":"product_cat-actividades","8":"first","9":"instock","10":"taxable","11":"shipping-taxable","12":"purchasable","13":"product-type-variable"},"booking_location":null,"booking_location_type":null,"booking_duration":null,"booking_duration_unit":null,"booking_buffer":null,"booking_cost":null,"booking_resources":null,"acf":[],"_links":{"self":[{"href":"https:\/\/cellerscarol.com\/es\/wp-json\/wp\/v2\/product\/25197","targetHints":{"allow":["GET"]}}],"collection":[{"href":"https:\/\/cellerscarol.com\/es\/wp-json\/wp\/v2\/product"}],"about":[{"href":"https:\/\/cellerscarol.com\/es\/wp-json\/wp\/v2\/types\/product"}],"replies":[{"embeddable":true,"href":"https:\/\/cellerscarol.com\/es\/wp-json\/wp\/v2\/comments?post=25197"}],"wp:featuredmedia":[{"embeddable":true,"href":"https:\/\/cellerscarol.com\/es\/wp-json\/wp\/v2\/media\/32883"}],"wp:attachment":[{"href":"https:\/\/cellerscarol.com\/es\/wp-json\/wp\/v2\/media?parent=25197"}],"wp:term":[{"taxonomy":"product_brand","embeddable":true,"href":"https:\/\/cellerscarol.com\/es\/wp-json\/wp\/v2\/product_brand?post=25197"},{"taxonomy":"product_cat","embeddable":true,"href":"https:\/\/cellerscarol.com\/es\/wp-json\/wp\/v2\/product_cat?post=25197"},{"taxonomy":"product_tag","embeddable":true,"href":"https:\/\/cellerscarol.com\/es\/wp-json\/wp\/v2\/product_tag?post=25197"}],"curies":[{"name":"wp","href":"https:\/\/api.w.org\/{rel}","templated":true}]}}