{"id":29135,"date":"2021-10-06T15:11:59","date_gmt":"2021-10-06T13:11:59","guid":{"rendered":"https:\/\/cellerscarol.com\/producte\/xec-regal\/"},"modified":"2024-10-07T09:15:45","modified_gmt":"2024-10-07T07:15:45","slug":"cheque-regalo","status":"publish","type":"product","link":"https:\/\/cellerscarol.com\/es\/producto\/cheque-regalo\/","title":{"rendered":"Cheque Regalo: Regala Enoturismo: regala Carol Vall\u00e8s"},"content":{"rendered":"<p>Te traemos una muy buena opci\u00f3n para regalar, ya sea por cumplea\u00f1os, por Navidad o por lo que necesites: <strong>experiencias de enoturismo en Carol Vall\u00e8s<\/strong>.<\/p>\n<p>Con este <strong>Cheque Regalo<\/strong> no tendr\u00e1s que seleccionar d\u00eda. La reserva ser\u00e1 hecha en fecha abierta para que la persona a la que regales pueda contactarnos y escoger la fecha que mejor le vaya.<\/p>\n<p>Recibir\u00e1 un cheque regalo para que pueda personalizarlo, imprimirlo y regalarlo directamente.<\/p>\n<p><strong>\u00bfC\u00f3mo es la activitad?<\/strong><\/p>\n<p>Ven a disfrutar de una visita a la bodega familiar Carol Vall\u00e8s, ubicada en un entorno id\u00edlico entre vi\u00f1edos en medio de la Plana Penedesenca. Descubre el paisaje \u00fanico de una de las Denominaciones de Origen m\u00e1s cercanas a Barcelona. Durante la visita aprender\u00e1s c\u00f3mo se hacen los Cavas Reserva y Gran Reserva de alta calidad de la zona vitivin\u00edcola del Pened\u00e8s. Visitar\u00e1s el vi\u00f1edo, la bodega y la cava.<\/p>\n<p>Al finalizar el grupo podr\u00e1 disfrutar de un desayuno de pay\u00e9s con productos de KM0 maridado con nuestros Cavas de Guarda Superior.<\/p>\n<p><b>La actividad incluye:<\/b><\/p>\n<ol>\n<li aria-level=\"1\">Visita guiada por los vi\u00f1edos, bodega y cava.<\/li>\n<li aria-level=\"1\">Breve historia familiar y del Pened\u00e8s, explicaci\u00f3n del proceso artesanal de elaboraci\u00f3n del cava, explicaci\u00f3n del vi\u00f1edo, variedades y tipos de agricultura.<\/li>\n<li aria-level=\"1\">Desayuno de pay\u00e9s con productos de KM0 maridado con tres cavas reserva y gran reserva.<\/li>\n<\/ol>\n<p><b>Indicaciones:<\/b><\/p>\n<p>Si dispones de un cup\u00f3n con fecha abierta, debes reservar previamente un d\u00eda y hora concretos enviando un correo a <a href=\"mailto:visites@cellerscarol.com\">visitas@cellerscarol.com<\/a><\/p>\n<p><b>Duraci\u00f3n:<\/b><\/p>\n<p>La visita tiene una duraci\u00f3n aproximada de 45 minutos. El desayuno empezar\u00e1 al terminar la visita, y dura aproximadamente una hora y media.<\/p>\n<p><b>A tener en cuenta:<\/b><\/p>\n<p>Por favor, recuerde avisarnos con antelaci\u00f3n de las necesidades alimentarias especiales: Tenemos opciones vegetarianas y sin gluten disponibles bajo petici\u00f3n. No podemos ofrecer soluciones veganas ni comidas kosher.<\/p>\n<p>Durante las vacaciones de verano de los proveedores posiblemente algunos de los productos ofrecidos durante estos desayunos sean distintos.<\/p>\n<p>Esta actividad es un desayuno de pay\u00e9s bastante completo, la mayor\u00eda de gente sale harta, pero no reemplaza una comida. Consta de embutidos de proximidad (fuet, catalana, hervor de foie al cava), quesos hechos con leche cruda de vaca y oveja (Truc, Batall y Gotim), torta de escalivada, pan de pay\u00e9s, olivada de la casa, aceite de oliva virgen extra de arbequina del Pened\u00e8s, tomates. De postre, dependiendo del d\u00eda y de los comensales, podemos poner guirnalda o carqui\u00f1olis con chocolate Sim\u00f3n Coll.<\/p>\n<p>Visita no apta para perros.<br \/>\nNo est\u00e1 recomendada para personas con problemas de movilidad.<br \/>\nDisponemos de mosto ecol\u00f3gico para personas que no pueden beber alcohol, menores y mujeres embarazadas.<\/p>\n","protected":false},"excerpt":{"rendered":"<p>Te traemos una muy buena opci\u00f3n para regalar, ya sea por cumplea\u00f1os, por Navidad o por lo que necesites: experiencias de enoturismo en Carol Vall\u00e8s. Con este Cheque Regalo no tendr\u00e1s que seleccionar d\u00eda. La reserva ser\u00e1 hecha en fecha abierta para que la persona a la que regales pueda contactarnos y escoger la fecha &hellip; <a href=\"https:\/\/cellerscarol.com\/es\/producto\/cheque-regalo\/\">Ver m\u00e1s<\/a><\/p>\n","protected":false},"featured_media":32847,"comment_status":"closed","ping_status":"closed","template":"","meta":{"_acf_changed":false},"product_brand":[],"product_cat":[40],"product_tag":[],"class_list":{"0":"post-29135","1":"product","2":"type-product","3":"status-publish","4":"has-post-thumbnail","6":"product_cat-actividades","7":"product_shipping_class-enviament-gratuit-es","9":"first","10":"instock","11":"taxable","12":"shipping-taxable","13":"purchasable","14":"product-type-variable"},"booking_location":null,"booking_location_type":null,"booking_duration":null,"booking_duration_unit":null,"booking_buffer":null,"booking_cost":null,"booking_resources":null,"acf":[],"_links":{"self":[{"href":"https:\/\/cellerscarol.com\/es\/wp-json\/wp\/v2\/product\/29135","targetHints":{"allow":["GET"]}}],"collection":[{"href":"https:\/\/cellerscarol.com\/es\/wp-json\/wp\/v2\/product"}],"about":[{"href":"https:\/\/cellerscarol.com\/es\/wp-json\/wp\/v2\/types\/product"}],"replies":[{"embeddable":true,"href":"https:\/\/cellerscarol.com\/es\/wp-json\/wp\/v2\/comments?post=29135"}],"wp:featuredmedia":[{"embeddable":true,"href":"https:\/\/cellerscarol.com\/es\/wp-json\/wp\/v2\/media\/32847"}],"wp:attachment":[{"href":"https:\/\/cellerscarol.com\/es\/wp-json\/wp\/v2\/media?parent=29135"}],"wp:term":[{"taxonomy":"product_brand","embeddable":true,"href":"https:\/\/cellerscarol.com\/es\/wp-json\/wp\/v2\/product_brand?post=29135"},{"taxonomy":"product_cat","embeddable":true,"href":"https:\/\/cellerscarol.com\/es\/wp-json\/wp\/v2\/product_cat?post=29135"},{"taxonomy":"product_tag","embeddable":true,"href":"https:\/\/cellerscarol.com\/es\/wp-json\/wp\/v2\/product_tag?post=29135"}],"curies":[{"name":"wp","href":"https:\/\/api.w.org\/{rel}","templated":true}]}}