{"id":31784,"date":"2021-06-28T15:30:30","date_gmt":"2024-05-12T10:59:53","guid":{"rendered":"https:\/\/cellerscarol.com\/?post_type=product&#038;p=31784"},"modified":"2024-10-25T11:21:22","modified_gmt":"2024-10-25T09:21:22","slug":"coleccion-carol-valles-descubierta","status":"publish","type":"product","link":"https:\/\/cellerscarol.com\/es\/producto\/coleccion-carol-valles-descubierta\/","title":{"rendered":"Pack descubierta &#8211; Carol Vall\u00e8s"},"content":{"rendered":"<p>Somos una bodega familiar con cavas muy singulares. Para que puedas <strong>descubrir nuestros productos m\u00e1s exclusivos<\/strong>, hemos preparado este pack con nuestros cavas y vinos m\u00e1s singulares y, al mismo tiempo, m\u00e1s diferenciales.<\/p>\n<p>Una propuesta para descubrir a\u00f1adas, metodolog\u00edas de elaboraci\u00f3n, crianza y variada uva.<\/p>\n<p>&nbsp;<\/p>\n<p><strong>-Gran Reserva Familiar Millenium 2013<\/strong>: Un cava de largu\u00edsima crianza, que ha estado m\u00e1s de 10 a\u00f1os descansando y mejorando en la profundidad de la cava. \u00a1Ideal para un d\u00eda especial!<\/p>\n<p><strong>-Mallerenga<\/strong>: El gran aliado para las carnes y comidas de cuchara. \u00a1Inmejorable acompa\u00f1ante para una sobremesa que se prev\u00e9 llaaaarga!<\/p>\n<p><strong>-Pit Roig:<\/strong> Indicado para el inicio de la comida, los aperitivos y mil platos m\u00e1s que seguro vaya a preparar.<\/p>\n<p><strong>-Rossinyol:<\/strong> de larga crianza, untuoso y con un final muy delicado. Un cava que pide cuchara, plato hondo o carnes.<\/p>\n<p><strong>-Quatre Peus<\/strong>: un vino natural 100% macabeo con barrica. Un vino con estructura y mucha fruta.<\/p>\n<p><strong>-Vuit mans:<\/strong> un vino natural 100% macabeo hecho con \u00e1nfora. Un sabor intenso y muy placentero.<\/p>\n<p>&nbsp;<\/p>\n<p>Una forma diferente de descubrir la crianza, las variedades de uvas y los diferentes m\u00e9todos de elaboraci\u00f3n.<strong> \u00a1Vale la pena!<\/strong><\/p>\n<p><strong>Transporte gratuito<\/strong><\/p>\n","protected":false},"excerpt":{"rendered":"<p>Somos una bodega familiar con cavas muy singulares. Para que puedas descubrir nuestros productos m\u00e1s exclusivos, hemos preparado este pack con nuestros cavas y vinos m\u00e1s singulares y, al mismo tiempo, m\u00e1s diferenciales. Una propuesta para descubrir a\u00f1adas, metodolog\u00edas de elaboraci\u00f3n, crianza y variada uva. &nbsp; -Gran Reserva Familiar Millenium 2013: Un cava de largu\u00edsima &hellip; <a href=\"https:\/\/cellerscarol.com\/es\/producto\/coleccion-carol-valles-descubierta\/\">Ver m\u00e1s<\/a><\/p>\n","protected":false},"featured_media":14889,"comment_status":"closed","ping_status":"closed","template":"","meta":{"_acf_changed":false},"product_brand":[],"product_cat":[53,87],"product_tag":[],"class_list":{"0":"post-31784","1":"product","2":"type-product","3":"status-publish","4":"has-post-thumbnail","6":"product_cat-cavas","7":"product_cat-selecciones","9":"first","10":"instock","11":"sale","12":"taxable","13":"shipping-taxable","14":"purchasable","15":"product-type-simple"},"booking_location":null,"booking_location_type":null,"booking_duration":null,"booking_duration_unit":null,"booking_buffer":null,"booking_cost":null,"booking_resources":null,"acf":[],"_links":{"self":[{"href":"https:\/\/cellerscarol.com\/es\/wp-json\/wp\/v2\/product\/31784","targetHints":{"allow":["GET"]}}],"collection":[{"href":"https:\/\/cellerscarol.com\/es\/wp-json\/wp\/v2\/product"}],"about":[{"href":"https:\/\/cellerscarol.com\/es\/wp-json\/wp\/v2\/types\/product"}],"replies":[{"embeddable":true,"href":"https:\/\/cellerscarol.com\/es\/wp-json\/wp\/v2\/comments?post=31784"}],"wp:featuredmedia":[{"embeddable":true,"href":"https:\/\/cellerscarol.com\/es\/wp-json\/wp\/v2\/media\/14889"}],"wp:attachment":[{"href":"https:\/\/cellerscarol.com\/es\/wp-json\/wp\/v2\/media?parent=31784"}],"wp:term":[{"taxonomy":"product_brand","embeddable":true,"href":"https:\/\/cellerscarol.com\/es\/wp-json\/wp\/v2\/product_brand?post=31784"},{"taxonomy":"product_cat","embeddable":true,"href":"https:\/\/cellerscarol.com\/es\/wp-json\/wp\/v2\/product_cat?post=31784"},{"taxonomy":"product_tag","embeddable":true,"href":"https:\/\/cellerscarol.com\/es\/wp-json\/wp\/v2\/product_tag?post=31784"}],"curies":[{"name":"wp","href":"https:\/\/api.w.org\/{rel}","templated":true}]}}