{"id":32936,"date":"2024-10-11T18:50:56","date_gmt":"2024-10-11T16:50:56","guid":{"rendered":"https:\/\/cellerscarol.com\/?post_type=product&#038;p=32936"},"modified":"2024-10-11T19:01:06","modified_gmt":"2024-10-11T17:01:06","slug":"ceremica_y_cava","status":"publish","type":"product","link":"https:\/\/cellerscarol.com\/es\/producto\/ceremica_y_cava\/","title":{"rendered":"Cer\u00e1mica &#038; Cava &#8211; 23 de noviembre"},"content":{"rendered":"<p><span style=\"font-weight: 400;\">Ad\u00e9ntrate en el mundo de la cer\u00e1mica mientras disfrutas de una cata de vinos y cavas de Carol Vall\u00e8s. Para participar en esta experiencia no necesitas conocimientos previos. La actividad ser\u00e1 conducida por Raimon Gum\u00e0 (@art_i_altres), dise\u00f1ador y profesor de arte.<\/span><\/p>\n<h3><b>Descripci\u00f3n de la actividad<\/b><\/h3>\n<p><span style=\"font-weight: 400;\">\u00bfQuieres vivir una experiencia creativa y \u00fanica? Te invitamos al taller de cer\u00e1mica, donde podr\u00e1s dise\u00f1ar tu propia pieza de cer\u00e1mica mientras degustas vinos y cavas de nuestra bodega. En un ambiente c\u00f3modo y relajado, con grupos reducidos, tendr\u00e1s la oportunidad de disfrutar de la naturaleza, estimular tu creatividad y descubrir los sabores m\u00e1s aut\u00e9nticos del vino y el cava. Es el momento perfecto para desconectar, compartir con amigos o compa\u00f1eros y sacar lo mejor de ti.<\/span><\/p>\n<p><span style=\"font-weight: 400;\">Los objetivos de la actividad son:<\/span><\/p>\n<ul>\n<li style=\"font-weight: 400;\" aria-level=\"1\"><span style=\"font-weight: 400;\">Potenciar tu creatividad.<\/span><\/li>\n<li style=\"font-weight: 400;\" aria-level=\"1\"><span style=\"font-weight: 400;\">Aprender a manipular la cer\u00e1mica para crear piezas \u00fanicas.<\/span><\/li>\n<li style=\"font-weight: 400;\" aria-level=\"1\"><span style=\"font-weight: 400;\">Disfrutar de una experiencia cultural y enriquecedora.<\/span><\/li>\n<li style=\"font-weight: 400;\" aria-level=\"1\"><span style=\"font-weight: 400;\">Aprender sobre el proceso de producci\u00f3n del cava y la historia de Carol Vall\u00e8s.<\/span><\/li>\n<\/ul>\n<p><span style=\"font-weight: 400;\">Durante la sesi\u00f3n, cataremos diversos vinos y cavas de Carol Vall\u00e8s, conoceremos sus caracter\u00edsticas y el proceso de producci\u00f3n. Es una oportunidad para ampliar tus conocimientos art\u00edsticos y vin\u00edcolas, y disfrutar de momentos de placer en buena compa\u00f1\u00eda.<\/span><\/p>\n<h3><b>Duraci\u00f3n<\/b><\/h3>\n<p><span style=\"font-weight: 400;\">La actividad tiene una duraci\u00f3n aproximada de 3 horas.<\/span><\/p>\n<h3><b>Precio<\/b><\/h3>\n<p><span style=\"font-weight: 400;\">El precio de la actividad es de 55\u20ac (incluye todo el material necesario, la cata de vinos y cavas y la visita a la bodega).<\/span><\/p>\n<h3><b>Inscripciones<\/b><\/h3>\n<p><span style=\"font-weight: 400;\">Las plazas para realizar la actividad son limitadas. Para inscribirte, puedes hacerlo a trav\u00e9s de nuestra p\u00e1gina web.<\/span><\/p>\n<p>&nbsp;<\/p>\n","protected":false},"excerpt":{"rendered":"<p>Ad\u00e9ntrate en el mundo de la cer\u00e1mica mientras disfrutas de una cata de vinos y cavas de Carol Vall\u00e8s. Para participar en esta experiencia no necesitas conocimientos previos. La actividad ser\u00e1 conducida por Raimon Gum\u00e0 (@art_i_altres), dise\u00f1ador y profesor de arte. Descripci\u00f3n de la actividad \u00bfQuieres vivir una experiencia creativa y \u00fanica? Te invitamos al &hellip; <a href=\"https:\/\/cellerscarol.com\/es\/producto\/ceremica_y_cava\/\">Ver m\u00e1s<\/a><\/p>\n","protected":false},"featured_media":34552,"comment_status":"closed","ping_status":"closed","template":"","meta":{"_acf_changed":false},"product_brand":[],"product_cat":[40],"product_tag":[],"class_list":{"0":"post-32936","1":"product","2":"type-product","3":"status-publish","4":"has-post-thumbnail","6":"product_cat-actividades","8":"first","9":"instock","10":"taxable","11":"shipping-taxable","12":"purchasable","13":"product-type-variable"},"booking_location":null,"booking_location_type":null,"booking_duration":null,"booking_duration_unit":null,"booking_buffer":null,"booking_cost":null,"booking_resources":null,"acf":[],"_links":{"self":[{"href":"https:\/\/cellerscarol.com\/es\/wp-json\/wp\/v2\/product\/32936","targetHints":{"allow":["GET"]}}],"collection":[{"href":"https:\/\/cellerscarol.com\/es\/wp-json\/wp\/v2\/product"}],"about":[{"href":"https:\/\/cellerscarol.com\/es\/wp-json\/wp\/v2\/types\/product"}],"replies":[{"embeddable":true,"href":"https:\/\/cellerscarol.com\/es\/wp-json\/wp\/v2\/comments?post=32936"}],"wp:featuredmedia":[{"embeddable":true,"href":"https:\/\/cellerscarol.com\/es\/wp-json\/wp\/v2\/media\/34552"}],"wp:attachment":[{"href":"https:\/\/cellerscarol.com\/es\/wp-json\/wp\/v2\/media?parent=32936"}],"wp:term":[{"taxonomy":"product_brand","embeddable":true,"href":"https:\/\/cellerscarol.com\/es\/wp-json\/wp\/v2\/product_brand?post=32936"},{"taxonomy":"product_cat","embeddable":true,"href":"https:\/\/cellerscarol.com\/es\/wp-json\/wp\/v2\/product_cat?post=32936"},{"taxonomy":"product_tag","embeddable":true,"href":"https:\/\/cellerscarol.com\/es\/wp-json\/wp\/v2\/product_tag?post=32936"}],"curies":[{"name":"wp","href":"https:\/\/api.w.org\/{rel}","templated":true}]}}