{"id":32997,"date":"2024-10-25T11:24:28","date_gmt":"2024-10-25T09:24:28","guid":{"rendered":"https:\/\/cellerscarol.com\/?post_type=product&#038;p=32997"},"modified":"2024-10-25T11:55:23","modified_gmt":"2024-10-25T09:55:23","slug":"pit-roig-magnum-2019","status":"publish","type":"product","link":"https:\/\/cellerscarol.com\/es\/producto\/pit-roig-magnum-2019\/","title":{"rendered":"Magnum Pit-roig 2019"},"content":{"rendered":"<p>El magnum de Pit-Roig es un <strong>cava \u00fanico y exclusivo. S\u00f3lo tenemos 85 botellas<\/strong>.<\/p>\n<p>&nbsp;<\/p>\n<p>En 2019 gracias a la buena acogida, aparte de la elaboraci\u00f3n habitual, decidimos hacer 100 m\u00e1gnums exclusivos del Pit-Roig. Lo hemos ido probando y ahora es el momento que presenta m\u00e1s calidad. <strong>Despu\u00e9s de 6 a\u00f1os de crianza ya podemos comercializarlo. Eso s\u00ed: nos quedan s\u00f3lo 85 botellas.<\/strong><\/p>\n<p>&nbsp;<\/p>\n<p>El Pit-Roig, despu\u00e9s de varias a\u00f1adas y premios <strong>se ha convertido en uno de los cavas ic\u00f3nicos de nuestra bodega<\/strong>. Es uno de los apreciados cavas de colecci\u00f3n. <strong>Lo producimos \u00fanicamente las mejores a\u00f1adas<\/strong> apostando por un cava de gran calidad con deg\u00fcelle manual. Es una bruta naturaleza ecol\u00f3gica 100% Pinot-Noir.<\/p>\n<p>&nbsp;<\/p>\n<p>Presenta una burbuja fina y persistente. En nariz predominan las notas de frutas rojas y alguna nota floral (rosa, lirio, etc.), que le dan un gran equilibrio. Es un cava fino y de gran elegancia.<\/p>\n","protected":false},"excerpt":{"rendered":"<p>El magnum de Pit-Roig es un cava \u00fanico y exclusivo. S\u00f3lo tenemos 85 botellas. &nbsp; En 2019 gracias a la buena acogida, aparte de la elaboraci\u00f3n habitual, decidimos hacer 100 m\u00e1gnums exclusivos del Pit-Roig. Lo hemos ido probando y ahora es el momento que presenta m\u00e1s calidad. Despu\u00e9s de 6 a\u00f1os de crianza ya podemos &hellip; <a href=\"https:\/\/cellerscarol.com\/es\/producto\/pit-roig-magnum-2019\/\">Ver m\u00e1s<\/a><\/p>\n","protected":false},"featured_media":33017,"comment_status":"closed","ping_status":"closed","template":"","meta":{"_acf_changed":false},"product_brand":[],"product_cat":[53,83],"product_tag":[],"class_list":{"0":"post-32997","1":"product","2":"type-product","3":"status-publish","4":"has-post-thumbnail","6":"product_cat-cavas","7":"product_cat-cavas-de-coleccion","9":"first","10":"instock","11":"sale","12":"taxable","13":"shipping-taxable","14":"purchasable","15":"product-type-simple"},"booking_location":null,"booking_location_type":null,"booking_duration":null,"booking_duration_unit":null,"booking_buffer":null,"booking_cost":null,"booking_resources":null,"acf":[],"_links":{"self":[{"href":"https:\/\/cellerscarol.com\/es\/wp-json\/wp\/v2\/product\/32997","targetHints":{"allow":["GET"]}}],"collection":[{"href":"https:\/\/cellerscarol.com\/es\/wp-json\/wp\/v2\/product"}],"about":[{"href":"https:\/\/cellerscarol.com\/es\/wp-json\/wp\/v2\/types\/product"}],"replies":[{"embeddable":true,"href":"https:\/\/cellerscarol.com\/es\/wp-json\/wp\/v2\/comments?post=32997"}],"wp:featuredmedia":[{"embeddable":true,"href":"https:\/\/cellerscarol.com\/es\/wp-json\/wp\/v2\/media\/33017"}],"wp:attachment":[{"href":"https:\/\/cellerscarol.com\/es\/wp-json\/wp\/v2\/media?parent=32997"}],"wp:term":[{"taxonomy":"product_brand","embeddable":true,"href":"https:\/\/cellerscarol.com\/es\/wp-json\/wp\/v2\/product_brand?post=32997"},{"taxonomy":"product_cat","embeddable":true,"href":"https:\/\/cellerscarol.com\/es\/wp-json\/wp\/v2\/product_cat?post=32997"},{"taxonomy":"product_tag","embeddable":true,"href":"https:\/\/cellerscarol.com\/es\/wp-json\/wp\/v2\/product_tag?post=32997"}],"curies":[{"name":"wp","href":"https:\/\/api.w.org\/{rel}","templated":true}]}}