{"id":33122,"date":"2024-11-22T22:08:02","date_gmt":"2024-11-22T20:08:02","guid":{"rendered":"https:\/\/cellerscarol.com\/?post_type=product&#038;p=33122"},"modified":"2024-11-22T22:28:34","modified_gmt":"2024-11-22T20:28:34","slug":"pack-dulce","status":"publish","type":"product","link":"https:\/\/cellerscarol.com\/es\/producto\/pack-dulce\/","title":{"rendered":"Pack dulce km0"},"content":{"rendered":"<p>Nuestra bodega siempre ha cre\u00eddo en los <strong>productos singulares y de proximidad<\/strong>. Para que puedas descubrir nuestros productos m\u00e1s exclusivos y al mismo tiempo <strong>productos diferenciados de la zona<\/strong> hemos creado este pack.<br \/>\nUna propuesta para descubrir a\u00f1adas y productos.<\/p>\n<p>El pack incluye:<\/p>\n<p><strong>-Guillem Carol Gran Reserva<\/strong>: Un cava versatil y de larga crianza. Ideal para iniciar una comida y terminarla con ella.<\/p>\n<p><strong>-Vuit Mans<\/strong>: un vino natural 100% macabeo hecho con \u00e1nfora. Un sabor intenso y muy placentero.<\/p>\n<p><strong>-Carquinyols<\/strong>: dulces artesanos de Sant Quint\u00ed.<\/p>\n<p><strong>-Olivada<\/strong>: pat\u00e9 de olivada arbequina.<\/p>\n<p><strong>-Melmelada Moi\u00f3<\/strong>: de melocot\u00f3n de Ordal.<\/p>\n<p>&nbsp;<\/p>\n<p>Una forma diferente de descubrir la bodega. <strong>\u00a1Vale la pena!<\/strong><\/p>\n<p>&nbsp;<\/p>\n","protected":false},"excerpt":{"rendered":"<p>Nuestra bodega siempre ha cre\u00eddo en los productos singulares y de proximidad. Para que puedas descubrir nuestros productos m\u00e1s exclusivos y al mismo tiempo productos diferenciados de la zona hemos creado este pack. Una propuesta para descubrir a\u00f1adas y productos. El pack incluye: -Guillem Carol Gran Reserva: Un cava versatil y de larga crianza. Ideal &hellip; <a href=\"https:\/\/cellerscarol.com\/es\/producto\/pack-dulce\/\">Ver m\u00e1s<\/a><\/p>\n","protected":false},"featured_media":33125,"comment_status":"closed","ping_status":"closed","template":"","meta":{"_acf_changed":false},"product_brand":[],"product_cat":[53,87],"product_tag":[],"class_list":{"0":"post-33122","1":"product","2":"type-product","3":"status-publish","4":"has-post-thumbnail","6":"product_cat-cavas","7":"product_cat-selecciones","9":"first","10":"instock","11":"sale","12":"taxable","13":"shipping-taxable","14":"purchasable","15":"product-type-simple"},"booking_location":null,"booking_location_type":null,"booking_duration":null,"booking_duration_unit":null,"booking_buffer":null,"booking_cost":null,"booking_resources":null,"acf":[],"_links":{"self":[{"href":"https:\/\/cellerscarol.com\/es\/wp-json\/wp\/v2\/product\/33122","targetHints":{"allow":["GET"]}}],"collection":[{"href":"https:\/\/cellerscarol.com\/es\/wp-json\/wp\/v2\/product"}],"about":[{"href":"https:\/\/cellerscarol.com\/es\/wp-json\/wp\/v2\/types\/product"}],"replies":[{"embeddable":true,"href":"https:\/\/cellerscarol.com\/es\/wp-json\/wp\/v2\/comments?post=33122"}],"wp:featuredmedia":[{"embeddable":true,"href":"https:\/\/cellerscarol.com\/es\/wp-json\/wp\/v2\/media\/33125"}],"wp:attachment":[{"href":"https:\/\/cellerscarol.com\/es\/wp-json\/wp\/v2\/media?parent=33122"}],"wp:term":[{"taxonomy":"product_brand","embeddable":true,"href":"https:\/\/cellerscarol.com\/es\/wp-json\/wp\/v2\/product_brand?post=33122"},{"taxonomy":"product_cat","embeddable":true,"href":"https:\/\/cellerscarol.com\/es\/wp-json\/wp\/v2\/product_cat?post=33122"},{"taxonomy":"product_tag","embeddable":true,"href":"https:\/\/cellerscarol.com\/es\/wp-json\/wp\/v2\/product_tag?post=33122"}],"curies":[{"name":"wp","href":"https:\/\/api.w.org\/{rel}","templated":true}]}}