{"id":33127,"date":"2024-11-22T22:34:49","date_gmt":"2024-11-22T20:34:50","guid":{"rendered":"https:\/\/cellerscarol.com\/?post_type=product&#038;p=33127"},"modified":"2024-11-22T22:52:35","modified_gmt":"2024-11-22T20:52:35","slug":"pack-celebracion","status":"publish","type":"product","link":"https:\/\/cellerscarol.com\/es\/producto\/pack-celebracion\/","title":{"rendered":"Pack celebraci\u00f3n"},"content":{"rendered":"<p>Siempre existen motivos para <strong>celebrar la vida<\/strong>. Y, de hecho, es siempre un buen momento. Justo por eso hemos creado este pack. Para que puedas descubrir dos de <strong>nuestros productos m\u00e1s exclusivos y sofisticados<\/strong>. \u00c9ste es un pack para acompa\u00f1ar una buena comida y acabar con un final dulce.<\/p>\n<p>Una propuesta para celebrar su vida.<\/p>\n<p>El pack incluye:<\/p>\n<p><strong>-Guillem Carol Gran Reserva<\/strong>: Un cava versatil y de larga crianza. Ideal para iniciar una comida y terminarla con ella.<\/p>\n<p><strong>-Rossinyol Gran Reserva 2017<\/strong>: un cava con burbuja fina, delicado y con dos variedades muy eleganos, el Chardonay y el Pinot Noir.<\/p>\n<p><strong>-Carquinyolis<\/strong>: dulces artesanos de Sant Quint\u00ed.<\/p>\n<p>&nbsp;<\/p>\n<p>&nbsp;<\/p>\n<p>Una forma diferente de descubrir la bodega. <strong>\u00a1Vale la pena!<\/strong><\/p>\n<p>&nbsp;<\/p>\n","protected":false},"excerpt":{"rendered":"<p>Siempre existen motivos para celebrar la vida. Y, de hecho, es siempre un buen momento. Justo por eso hemos creado este pack. Para que puedas descubrir dos de nuestros productos m\u00e1s exclusivos y sofisticados. \u00c9ste es un pack para acompa\u00f1ar una buena comida y acabar con un final dulce. Una propuesta para celebrar su vida. &hellip; <a href=\"https:\/\/cellerscarol.com\/es\/producto\/pack-celebracion\/\">Ver m\u00e1s<\/a><\/p>\n","protected":false},"featured_media":33130,"comment_status":"closed","ping_status":"closed","template":"","meta":{"_acf_changed":false},"product_brand":[],"product_cat":[53,87],"product_tag":[],"class_list":{"0":"post-33127","1":"product","2":"type-product","3":"status-publish","4":"has-post-thumbnail","6":"product_cat-cavas","7":"product_cat-selecciones","9":"first","10":"instock","11":"sale","12":"taxable","13":"shipping-taxable","14":"purchasable","15":"product-type-simple"},"booking_location":null,"booking_location_type":null,"booking_duration":null,"booking_duration_unit":null,"booking_buffer":null,"booking_cost":null,"booking_resources":null,"acf":[],"_links":{"self":[{"href":"https:\/\/cellerscarol.com\/es\/wp-json\/wp\/v2\/product\/33127","targetHints":{"allow":["GET"]}}],"collection":[{"href":"https:\/\/cellerscarol.com\/es\/wp-json\/wp\/v2\/product"}],"about":[{"href":"https:\/\/cellerscarol.com\/es\/wp-json\/wp\/v2\/types\/product"}],"replies":[{"embeddable":true,"href":"https:\/\/cellerscarol.com\/es\/wp-json\/wp\/v2\/comments?post=33127"}],"wp:featuredmedia":[{"embeddable":true,"href":"https:\/\/cellerscarol.com\/es\/wp-json\/wp\/v2\/media\/33130"}],"wp:attachment":[{"href":"https:\/\/cellerscarol.com\/es\/wp-json\/wp\/v2\/media?parent=33127"}],"wp:term":[{"taxonomy":"product_brand","embeddable":true,"href":"https:\/\/cellerscarol.com\/es\/wp-json\/wp\/v2\/product_brand?post=33127"},{"taxonomy":"product_cat","embeddable":true,"href":"https:\/\/cellerscarol.com\/es\/wp-json\/wp\/v2\/product_cat?post=33127"},{"taxonomy":"product_tag","embeddable":true,"href":"https:\/\/cellerscarol.com\/es\/wp-json\/wp\/v2\/product_tag?post=33127"}],"curies":[{"name":"wp","href":"https:\/\/api.w.org\/{rel}","templated":true}]}}