{"id":34511,"date":"2025-08-11T11:11:56","date_gmt":"2025-08-11T09:11:56","guid":{"rendered":"https:\/\/cellerscarol.com\/?post_type=product&#038;p=34511"},"modified":"2025-08-11T11:26:38","modified_gmt":"2025-08-11T09:26:38","slug":"cata-esencial-carol-valles","status":"publish","type":"product","link":"https:\/\/cellerscarol.com\/es\/producto\/cata-esencial-carol-valles\/","title":{"rendered":"Cata Esencial de Carol Vall\u00e8s"},"content":{"rendered":"<p data-start=\"44\" data-end=\"110\"><strong data-start=\"44\" data-end=\"108\">Una experiencia \u00fanica para degustar todos nuestros productos<\/strong><\/p>\n<p data-start=\"112\" data-end=\"427\">\u00bfTe gustar\u00eda conocer todos nuestros vinos y cavas? Te proponemos una actividad exclusiva para descubrir la esencia de nuestra bodega a trav\u00e9s de un recorrido completo por los vi\u00f1edos y la bodega, culminando con una cata comentada de todas nuestras referencias de vinos y cavas. Es decir, 2 vinos y m\u00e1s de 5 cavas.<\/p>\n<p data-start=\"429\" data-end=\"587\">Acompa\u00f1aremos la cata con un aperitivo de productos de proximidad para que la experiencia sea a\u00fan m\u00e1s memorable: quesos y embutidos de peque\u00f1os productores.<\/p>\n<p data-start=\"589\" data-end=\"773\">Es una actividad pensada para grupos reducidos y requiere un m\u00ednimo de 4 personas para poder realizarse, ya que abriremos todos nuestros productos de manera exclusiva para esta cata.<\/p>\n<p data-start=\"775\" data-end=\"963\"><strong data-start=\"775\" data-end=\"787\">Incluye:<\/strong><br data-start=\"787\" data-end=\"790\" \/>\u2013 Visita guiada por los vi\u00f1edos y la bodega<br data-start=\"833\" data-end=\"836\" \/>\u2013 Cata de todas las referencias de vinos y cavas de Carol Vall\u00e8s: 2 vinos y m\u00e1s de 5 cavas<br data-start=\"926\" data-end=\"929\" \/>\u2013 Aperitivo de productos locales<\/p>\n<p data-start=\"965\" data-end=\"1028\">Actividad disponible con reserva previa.<br data-start=\"1005\" data-end=\"1008\" \/>M\u00ednimo 4 personas.<\/p>\n<p data-start=\"1030\" data-end=\"1141\">Ven a vivir la cata m\u00e1s completa de Carol Vall\u00e8s y sum\u00e9rgete en nuestra manera de entender el vino y el cava.<\/p>\n","protected":false},"excerpt":{"rendered":"<p>Una experiencia \u00fanica para degustar todos nuestros productos \u00bfTe gustar\u00eda conocer todos nuestros vinos y cavas? Te proponemos una actividad exclusiva para descubrir la esencia de nuestra bodega a trav\u00e9s de un recorrido completo por los vi\u00f1edos y la bodega, culminando con una cata comentada de todas nuestras referencias de vinos y cavas. Es decir, &hellip; <a href=\"https:\/\/cellerscarol.com\/es\/producto\/cata-esencial-carol-valles\/\">Ver m\u00e1s<\/a><\/p>\n","protected":false},"featured_media":34506,"comment_status":"open","ping_status":"closed","template":"","meta":{"_acf_changed":false},"product_brand":[],"product_cat":[40],"product_tag":[],"class_list":{"0":"post-34511","1":"product","2":"type-product","3":"status-publish","4":"has-post-thumbnail","6":"product_cat-actividades","8":"first","9":"instock","10":"taxable","11":"shipping-taxable","12":"purchasable","13":"product-type-simple"},"booking_location":null,"booking_location_type":null,"booking_duration":null,"booking_duration_unit":null,"booking_buffer":null,"booking_cost":null,"booking_resources":null,"acf":[],"_links":{"self":[{"href":"https:\/\/cellerscarol.com\/es\/wp-json\/wp\/v2\/product\/34511","targetHints":{"allow":["GET"]}}],"collection":[{"href":"https:\/\/cellerscarol.com\/es\/wp-json\/wp\/v2\/product"}],"about":[{"href":"https:\/\/cellerscarol.com\/es\/wp-json\/wp\/v2\/types\/product"}],"replies":[{"embeddable":true,"href":"https:\/\/cellerscarol.com\/es\/wp-json\/wp\/v2\/comments?post=34511"}],"wp:featuredmedia":[{"embeddable":true,"href":"https:\/\/cellerscarol.com\/es\/wp-json\/wp\/v2\/media\/34506"}],"wp:attachment":[{"href":"https:\/\/cellerscarol.com\/es\/wp-json\/wp\/v2\/media?parent=34511"}],"wp:term":[{"taxonomy":"product_brand","embeddable":true,"href":"https:\/\/cellerscarol.com\/es\/wp-json\/wp\/v2\/product_brand?post=34511"},{"taxonomy":"product_cat","embeddable":true,"href":"https:\/\/cellerscarol.com\/es\/wp-json\/wp\/v2\/product_cat?post=34511"},{"taxonomy":"product_tag","embeddable":true,"href":"https:\/\/cellerscarol.com\/es\/wp-json\/wp\/v2\/product_tag?post=34511"}],"curies":[{"name":"wp","href":"https:\/\/api.w.org\/{rel}","templated":true}]}}