{"id":34942,"date":"2025-10-27T18:11:39","date_gmt":"2025-10-27T17:11:39","guid":{"rendered":"https:\/\/cellerscarol.com\/?post_type=product&#038;p=34942"},"modified":"2025-10-27T18:19:11","modified_gmt":"2025-10-27T17:19:11","slug":"pack-caves-de-colleccio","status":"publish","type":"product","link":"https:\/\/cellerscarol.com\/es\/producto\/pack-caves-de-colleccio\/","title":{"rendered":"Pack Caves de Col\u00b7lecci\u00f3"},"content":{"rendered":"<p data-start=\"36\" data-end=\"351\">El <strong data-start=\"147\" data-end=\"175\" data-is-only-node=\"\">Pack Caves de Col\u00b7lecci\u00f3<\/strong> reuneix tres de les nostres refer\u00e8ncies m\u00e9s especials: <strong data-start=\"231\" data-end=\"267\">Mallerenga, Pit-Roig i Rossinyol<\/strong>, tres caves amb personalitat pr\u00f2pia que reflecteixen l\u2019ess\u00e8ncia de Carol Vall\u00e8s.<\/p>\n<p data-start=\"353\" data-end=\"523\" data-is-last-node=\"\" data-is-only-node=\"\">Una oportunitat per <strong data-start=\"373\" data-end=\"423\">descobrir i comparar estils, criances i aromes<\/strong> dins d\u2019un mateix celler. Ideal per regalar o per brindar amb moments que mereixen ser recordats.<\/p>\n<ul>\n<li data-start=\"353\" data-end=\"523\">Pit-Roig 2022 &#8211; Brut Nature &#8211; Reserva &#8211; 100% Pinot Noir<\/li>\n<li data-start=\"353\" data-end=\"523\">Mallerenga 2018 &#8211; Brut Nature &#8211; Gran Reserva &#8211; Chardonnay i Xarel\u00b7lo<\/li>\n<li data-start=\"353\" data-end=\"523\">Rossinyol 2017 &#8211; Brut Nature &#8211; Gran Reserva &#8211; Chardonnay i Pinot Noir<\/li>\n<\/ul>\n<p data-start=\"548\" data-end=\"645\">\n<p data-start=\"548\" data-end=\"645\">\n<p data-start=\"548\" data-end=\"645\">\n","protected":false},"excerpt":{"rendered":"<p>El Pack Caves de Col\u00b7lecci\u00f3 reuneix tres de les nostres refer\u00e8ncies m\u00e9s especials: Mallerenga, Pit-Roig i Rossinyol, tres caves amb personalitat pr\u00f2pia que reflecteixen l\u2019ess\u00e8ncia de Carol Vall\u00e8s. Una oportunitat per descobrir i comparar estils, criances i aromes dins d\u2019un mateix celler. Ideal per regalar o per brindar amb moments que mereixen ser recordats. Pit-Roig &hellip; <a href=\"https:\/\/cellerscarol.com\/es\/producto\/pack-caves-de-colleccio\/\">Ver m\u00e1s<\/a><\/p>\n","protected":false},"featured_media":34945,"comment_status":"open","ping_status":"closed","template":"","meta":{"_acf_changed":false},"product_brand":[],"product_cat":[87],"product_tag":[],"class_list":{"0":"post-34942","1":"product","2":"type-product","3":"status-publish","4":"has-post-thumbnail","6":"product_cat-selecciones","8":"first","9":"instock","10":"sale","11":"taxable","12":"shipping-taxable","13":"purchasable","14":"product-type-simple"},"booking_location":null,"booking_location_type":null,"booking_duration":null,"booking_duration_unit":null,"booking_buffer":null,"booking_cost":null,"booking_resources":null,"acf":[],"_links":{"self":[{"href":"https:\/\/cellerscarol.com\/es\/wp-json\/wp\/v2\/product\/34942","targetHints":{"allow":["GET"]}}],"collection":[{"href":"https:\/\/cellerscarol.com\/es\/wp-json\/wp\/v2\/product"}],"about":[{"href":"https:\/\/cellerscarol.com\/es\/wp-json\/wp\/v2\/types\/product"}],"replies":[{"embeddable":true,"href":"https:\/\/cellerscarol.com\/es\/wp-json\/wp\/v2\/comments?post=34942"}],"wp:featuredmedia":[{"embeddable":true,"href":"https:\/\/cellerscarol.com\/es\/wp-json\/wp\/v2\/media\/34945"}],"wp:attachment":[{"href":"https:\/\/cellerscarol.com\/es\/wp-json\/wp\/v2\/media?parent=34942"}],"wp:term":[{"taxonomy":"product_brand","embeddable":true,"href":"https:\/\/cellerscarol.com\/es\/wp-json\/wp\/v2\/product_brand?post=34942"},{"taxonomy":"product_cat","embeddable":true,"href":"https:\/\/cellerscarol.com\/es\/wp-json\/wp\/v2\/product_cat?post=34942"},{"taxonomy":"product_tag","embeddable":true,"href":"https:\/\/cellerscarol.com\/es\/wp-json\/wp\/v2\/product_tag?post=34942"}],"curies":[{"name":"wp","href":"https:\/\/api.w.org\/{rel}","templated":true}]}}